{"id":1402,"date":"2020-06-06T00:15:37","date_gmt":"2020-06-05T22:15:37","guid":{"rendered":"https:\/\/www.laformatgeria.com\/?page_id=1402"},"modified":"2025-03-21T17:56:05","modified_gmt":"2025-03-21T16:56:05","slug":"nosotros","status":"publish","type":"page","link":"https:\/\/www.laformatgeria.com\/es\/nosaltres\/","title":{"rendered":"Nosotros"},"content":{"rendered":"<div data-elementor-type=\"wp-page\" data-elementor-id=\"1402\" class=\"elementor elementor-1402\" data-elementor-post-type=\"page\">\n\t\t\t\t\t\t<section class=\"elementor-section elementor-top-section elementor-element elementor-element-11a39c44 elementor-section-full_width elementor-section-height-default elementor-section-height-default\" data-id=\"11a39c44\" data-element_type=\"section\" data-e-type=\"section\">\n\t\t\t\t\t\t<div class=\"elementor-container elementor-column-gap-no\">\n\t\t\t\t\t<div class=\"elementor-column elementor-col-100 elementor-top-column elementor-element elementor-element-aa98809\" data-id=\"aa98809\" data-element_type=\"column\" data-e-type=\"column\">\n\t\t\t<div class=\"elementor-widget-wrap elementor-element-populated\">\n\t\t\t\t\t\t<div class=\"elementor-element elementor-element-782468fb elementor-widget elementor-widget-text-editor\" data-id=\"782468fb\" data-element_type=\"widget\" data-e-type=\"widget\" data-widget_type=\"text-editor.default\">\n\t\t\t\t<div class=\"elementor-widget-container\">\n\t\t\t\t\t\t\t\t\t<p style=\"text-align: justify;\" class=\"translation-block\">Ubicada en una antigua f\u00e1brica de quesos, en pleno coraz\u00f3n de <strong>La Cerdanya<\/strong>, y en medio de un entorno paradis\u00edaco, se encuentra el restaurante <strong>La Formatgeria de Ll\u00edvia<\/strong>.<\/p>\r\n<p style=\"text-align: justify;\" class=\"translation-block\">Hace casi 25 a\u00f1os que <strong>Marta<\/strong> y <strong>Juanjo<\/strong>, los propietarios, iniciaron este proyecto gastron\u00f3mico.<\/p>\r\n<p style=\"text-align: justify;\" class=\"translation-block\">Con ilusi\u00f3n, constancia y el af\u00e1n de mejorar d\u00eda a d\u00eda, han conseguido convertir <strong>La Queser\u00eda<\/strong> en uno de los rincones m\u00e1s emblem\u00e1ticos de la zona, tanto por su reconocida cocina como por la belleza del espacio que le rodea.<\/p>\r\n<p style=\"text-align: justify;\">Han sabido, a lo largo de los a\u00f1os, ganarse el reconocimiento y el aprecio de los amantes de la buena cocina y la naturaleza.<\/p>\r\n<p style=\"text-align: justify;\">Aqu\u00ed s\u00f3lo hay sitio para disfrutar de la buena comida y desconectar. <strong>El lugar ideal para comer en La Cerdanya.<\/strong>.<\/p>\r\n\r\n<h3><strong>\u00a1Te esperamos!<\/strong><\/h3>\t\t\t\t\t\t\t\t<\/div>\n\t\t\t\t<\/div>\n\t\t\t\t\t<\/div>\n\t\t<\/div>\n\t\t\t\t\t<\/div>\n\t\t<\/section>\n\t\t\t\t<section class=\"elementor-section elementor-top-section elementor-element elementor-element-5799d97 elementor-section-full_width elementor-section-height-default elementor-section-height-default\" data-id=\"5799d97\" data-element_type=\"section\" data-e-type=\"section\">\n\t\t\t\t\t\t<div class=\"elementor-container elementor-column-gap-no\">\n\t\t\t\t\t<div class=\"elementor-column elementor-col-100 elementor-top-column elementor-element elementor-element-79f051f\" data-id=\"79f051f\" data-element_type=\"column\" data-e-type=\"column\">\n\t\t\t<div class=\"elementor-widget-wrap elementor-element-populated\">\n\t\t\t\t\t\t<div class=\"elementor-element elementor-element-6a473b8 elementor-widget elementor-widget-gallery\" data-id=\"6a473b8\" data-element_type=\"widget\" data-e-type=\"widget\" data-settings=\"{&quot;columns&quot;:3,&quot;columns_mobile&quot;:2,&quot;gap&quot;:{&quot;unit&quot;:&quot;px&quot;,&quot;size&quot;:4,&quot;sizes&quot;:[]},&quot;gap_tablet&quot;:{&quot;unit&quot;:&quot;px&quot;,&quot;size&quot;:3,&quot;sizes&quot;:[]},&quot;gap_mobile&quot;:{&quot;unit&quot;:&quot;px&quot;,&quot;size&quot;:4,&quot;sizes&quot;:[]},&quot;aspect_ratio&quot;:&quot;16:9&quot;,&quot;image_hover_animation&quot;:&quot;grow&quot;,&quot;lazyload&quot;:&quot;yes&quot;,&quot;gallery_layout&quot;:&quot;grid&quot;,&quot;columns_tablet&quot;:2,&quot;link_to&quot;:&quot;file&quot;,&quot;content_hover_animation&quot;:&quot;fade-in&quot;}\" data-widget_type=\"gallery.default\">\n\t\t\t\t<div class=\"elementor-widget-container\">\n\t\t\t\t\t\t\t<div class=\"elementor-gallery__container\">\n\t\t\t\t\t\t\t<a class=\"e-gallery-item elementor-gallery-item elementor-animated-content\" href=\"https:\/\/www.laformatgeria.com\/wp-content\/uploads\/2021\/06\/La-Formatgeria-de-Llivia-Nosaltres-3.jpg\" data-elementor-open-lightbox=\"yes\" data-elementor-lightbox-slideshow=\"6a473b8\" data-elementor-lightbox-title=\"La Formatgeria de Ll\u00edvia - Nosaltres\" data-e-action-hash=\"#elementor-action%3Aaction%3Dlightbox%26settings%3DeyJpZCI6NDcyNiwidXJsIjoiaHR0cHM6XC9cL3d3dy5sYWZvcm1hdGdlcmlhLmNvbVwvd3AtY29udGVudFwvdXBsb2Fkc1wvMjAyMVwvMDZcL0xhLUZvcm1hdGdlcmlhLWRlLUxsaXZpYS1Ob3NhbHRyZXMtMy5qcGciLCJzbGlkZXNob3ciOiI2YTQ3M2I4In0%3D\">\n\t\t\t\t\t<div class=\"e-gallery-image elementor-gallery-item__image\" data-thumbnail=\"https:\/\/www.laformatgeria.com\/wp-content\/uploads\/2021\/06\/La-Formatgeria-de-Llivia-Nosaltres-3.jpg\" data-width=\"960\" data-height=\"720\" aria-label=\"La Formatgeria de Ll\u00edvia - Nosotros\" role=\"img\" ><\/div>\n\t\t\t\t\t\t\t\t\t\t\t\t\t\t<\/a>\n\t\t\t\t\t\t\t<a class=\"e-gallery-item elementor-gallery-item elementor-animated-content\" href=\"https:\/\/www.laformatgeria.com\/wp-content\/uploads\/2021\/06\/La-Formatgeria-de-Llivia-Nosaltres-5.jpg\" data-elementor-open-lightbox=\"yes\" data-elementor-lightbox-slideshow=\"6a473b8\" data-elementor-lightbox-title=\"La Formatgeria de Ll\u00edvia - Nosaltres\" data-e-action-hash=\"#elementor-action%3Aaction%3Dlightbox%26settings%3DeyJpZCI6NDcyOCwidXJsIjoiaHR0cHM6XC9cL3d3dy5sYWZvcm1hdGdlcmlhLmNvbVwvd3AtY29udGVudFwvdXBsb2Fkc1wvMjAyMVwvMDZcL0xhLUZvcm1hdGdlcmlhLWRlLUxsaXZpYS1Ob3NhbHRyZXMtNS5qcGciLCJzbGlkZXNob3ciOiI2YTQ3M2I4In0%3D\">\n\t\t\t\t\t<div class=\"e-gallery-image elementor-gallery-item__image\" data-thumbnail=\"https:\/\/www.laformatgeria.com\/wp-content\/uploads\/2021\/06\/La-Formatgeria-de-Llivia-Nosaltres-5.jpg\" data-width=\"960\" data-height=\"720\" aria-label=\"La Formatgeria de Ll\u00edvia - Nosotros\" role=\"img\" ><\/div>\n\t\t\t\t\t\t\t\t\t\t\t\t\t\t<\/a>\n\t\t\t\t\t\t\t<a class=\"e-gallery-item elementor-gallery-item elementor-animated-content\" href=\"https:\/\/www.laformatgeria.com\/wp-content\/uploads\/2021\/06\/La-Formatgeria-de-Llivia-Nosaltres-4.jpg\" data-elementor-open-lightbox=\"yes\" data-elementor-lightbox-slideshow=\"6a473b8\" data-elementor-lightbox-title=\"La Formatgeria de Ll\u00edvia - Nosaltres\" data-e-action-hash=\"#elementor-action%3Aaction%3Dlightbox%26settings%3DeyJpZCI6NDcyNywidXJsIjoiaHR0cHM6XC9cL3d3dy5sYWZvcm1hdGdlcmlhLmNvbVwvd3AtY29udGVudFwvdXBsb2Fkc1wvMjAyMVwvMDZcL0xhLUZvcm1hdGdlcmlhLWRlLUxsaXZpYS1Ob3NhbHRyZXMtNC5qcGciLCJzbGlkZXNob3ciOiI2YTQ3M2I4In0%3D\">\n\t\t\t\t\t<div class=\"e-gallery-image elementor-gallery-item__image\" data-thumbnail=\"https:\/\/www.laformatgeria.com\/wp-content\/uploads\/2021\/06\/La-Formatgeria-de-Llivia-Nosaltres-4.jpg\" data-width=\"960\" data-height=\"720\" aria-label=\"La Formatgeria de Ll\u00edvia - Nosotros\" role=\"img\" ><\/div>\n\t\t\t\t\t\t\t\t\t\t\t\t\t\t<\/a>\n\t\t\t\t\t\t\t<a class=\"e-gallery-item elementor-gallery-item elementor-animated-content\" href=\"https:\/\/www.laformatgeria.com\/wp-content\/uploads\/2021\/06\/La-Formatgeria-de-Llivia-Nosaltres-2.jpg\" data-elementor-open-lightbox=\"yes\" data-elementor-lightbox-slideshow=\"6a473b8\" data-elementor-lightbox-title=\"La Formatgeria de Ll\u00edvia - Nosaltres\" data-e-action-hash=\"#elementor-action%3Aaction%3Dlightbox%26settings%3DeyJpZCI6NDcyNSwidXJsIjoiaHR0cHM6XC9cL3d3dy5sYWZvcm1hdGdlcmlhLmNvbVwvd3AtY29udGVudFwvdXBsb2Fkc1wvMjAyMVwvMDZcL0xhLUZvcm1hdGdlcmlhLWRlLUxsaXZpYS1Ob3NhbHRyZXMtMi5qcGciLCJzbGlkZXNob3ciOiI2YTQ3M2I4In0%3D\">\n\t\t\t\t\t<div class=\"e-gallery-image elementor-gallery-item__image\" data-thumbnail=\"https:\/\/www.laformatgeria.com\/wp-content\/uploads\/2021\/06\/La-Formatgeria-de-Llivia-Nosaltres-2.jpg\" data-width=\"960\" data-height=\"720\" aria-label=\"La Formatgeria de Ll\u00edvia - Nosotros\" role=\"img\" ><\/div>\n\t\t\t\t\t\t\t\t\t\t\t\t\t\t<\/a>\n\t\t\t\t\t\t\t<a class=\"e-gallery-item elementor-gallery-item elementor-animated-content\" href=\"https:\/\/www.laformatgeria.com\/wp-content\/uploads\/2021\/06\/La-Formatgeria-de-Llivia-Nosaltres-1.jpg\" data-elementor-open-lightbox=\"yes\" data-elementor-lightbox-slideshow=\"6a473b8\" data-elementor-lightbox-title=\"La Formatgeria de Ll\u00edvia - Nosaltres\" data-e-action-hash=\"#elementor-action%3Aaction%3Dlightbox%26settings%3DeyJpZCI6NDcyNCwidXJsIjoiaHR0cHM6XC9cL3d3dy5sYWZvcm1hdGdlcmlhLmNvbVwvd3AtY29udGVudFwvdXBsb2Fkc1wvMjAyMVwvMDZcL0xhLUZvcm1hdGdlcmlhLWRlLUxsaXZpYS1Ob3NhbHRyZXMtMS5qcGciLCJzbGlkZXNob3ciOiI2YTQ3M2I4In0%3D\">\n\t\t\t\t\t<div class=\"e-gallery-image elementor-gallery-item__image\" data-thumbnail=\"https:\/\/www.laformatgeria.com\/wp-content\/uploads\/2021\/06\/La-Formatgeria-de-Llivia-Nosaltres-1.jpg\" data-width=\"960\" data-height=\"720\" aria-label=\"La Formatgeria de Ll\u00edvia - Nosotros\" role=\"img\" ><\/div>\n\t\t\t\t\t\t\t\t\t\t\t\t\t\t<\/a>\n\t\t\t\t\t<\/div>\n\t\t\t\t\t<\/div>\n\t\t\t\t<\/div>\n\t\t\t\t\t<\/div>\n\t\t<\/div>\n\t\t\t\t\t<\/div>\n\t\t<\/section>\n\t\t\t\t<\/div>","protected":false},"excerpt":{"rendered":"<p>Ubicado en una antigua f\u00e1brica de quesos, en pleno coraz\u00f3n de La Cerdanya, y en medio de un entorno paradis\u00edaco, se encuentra el restaurante La Formatgeria de Ll\u00edvia. Hace casi 25 a\u00f1os que Marta y Juanjo, los propietarios, iniciaron este proyecto gastron\u00f3mico. Con ilusi\u00f3n, constancia y el af\u00e1n de mejorar d\u00eda a d\u00eda, han conseguido<br \/><a class=\"moretag\" href=\"https:\/\/www.laformatgeria.com\/es\/nosaltres\/\">+ Read More<\/a><\/p>","protected":false},"author":1,"featured_media":3201,"parent":0,"menu_order":0,"comment_status":"closed","ping_status":"closed","template":"","meta":{"footnotes":""},"class_list":["post-1402","page","type-page","status-publish","has-post-thumbnail","hentry"],"_links":{"self":[{"href":"https:\/\/www.laformatgeria.com\/es\/wp-json\/wp\/v2\/pages\/1402","targetHints":{"allow":["GET"]}}],"collection":[{"href":"https:\/\/www.laformatgeria.com\/es\/wp-json\/wp\/v2\/pages"}],"about":[{"href":"https:\/\/www.laformatgeria.com\/es\/wp-json\/wp\/v2\/types\/page"}],"author":[{"embeddable":true,"href":"https:\/\/www.laformatgeria.com\/es\/wp-json\/wp\/v2\/users\/1"}],"replies":[{"embeddable":true,"href":"https:\/\/www.laformatgeria.com\/es\/wp-json\/wp\/v2\/comments?post=1402"}],"version-history":[{"count":0,"href":"https:\/\/www.laformatgeria.com\/es\/wp-json\/wp\/v2\/pages\/1402\/revisions"}],"wp:featuredmedia":[{"embeddable":true,"href":"https:\/\/www.laformatgeria.com\/es\/wp-json\/wp\/v2\/media\/3201"}],"wp:attachment":[{"href":"https:\/\/www.laformatgeria.com\/es\/wp-json\/wp\/v2\/media?parent=1402"}],"curies":[{"name":"wp","href":"https:\/\/api.w.org\/{rel}","templated":true}]}}