{"id":1406,"date":"2020-06-06T00:16:32","date_gmt":"2020-06-05T22:16:32","guid":{"rendered":"https:\/\/www.laformatgeria.com\/?page_id=1406"},"modified":"2025-03-21T17:14:35","modified_gmt":"2025-03-21T16:14:35","slug":"eventos","status":"publish","type":"page","link":"https:\/\/www.laformatgeria.com\/es\/esdeveniments\/","title":{"rendered":"Eventos"},"content":{"rendered":"<div data-elementor-type=\"wp-page\" data-elementor-id=\"1406\" class=\"elementor elementor-1406\" data-elementor-post-type=\"page\">\n\t\t\t\t\t\t<section class=\"elementor-section elementor-top-section elementor-element elementor-element-afa478b elementor-section-full_width elementor-section-height-default elementor-section-height-default\" data-id=\"afa478b\" data-element_type=\"section\" data-e-type=\"section\">\n\t\t\t\t\t\t<div class=\"elementor-container elementor-column-gap-no\">\n\t\t\t\t\t<div class=\"elementor-column elementor-col-100 elementor-top-column elementor-element elementor-element-7a69180d\" data-id=\"7a69180d\" data-element_type=\"column\" data-e-type=\"column\">\n\t\t\t<div class=\"elementor-widget-wrap elementor-element-populated\">\n\t\t\t\t\t\t<div class=\"elementor-element elementor-element-161dc078 elementor-widget elementor-widget-text-editor\" data-id=\"161dc078\" data-element_type=\"widget\" data-e-type=\"widget\" data-widget_type=\"text-editor.default\">\n\t\t\t\t<div class=\"elementor-widget-container\">\n\t\t\t\t\t\t\t\t\t<p style=\"text-align: justify;\">Ven a celebrar con nosotros tu momento, ya sea una reuni\u00f3n familiar, bautizo, comuni\u00f3n, boda\u2026 Tenemos todo lo que necesitas.<\/p>\r\n<p style=\"text-align: justify;\" class=\"translation-block\">Descubre nuestro espacio, con una <strong>capacidad de hasta 150 personas<\/strong> en un entorno \u00fanico.<\/p>\r\nSi est\u00e1s buscando un <strong>Restaurante con jard\u00edn en la Cerdanya<\/strong>, <strong>La Formatgeria<\/strong> dispone de un amplio <strong>jard\u00edn de 2500m<sup>2<\/sup><\/strong> y una <strong>carpa de 200m<sup>2<\/sup><\/strong> para ti y los tuyos, con un equipo de profesionales a tu disposici\u00f3n. Celebra tu d\u00eda de una forma original y diferente rodeado de un entorno paradis\u00edaco.\r\n<p style=\"text-align: justify;\">Celebra tu d\u00eda rodeado de los tuyos, en un lugar m\u00e1gico. Crearemos tu d\u00eda a medida, nuestros profesionales te lo pondr\u00e1n muy f\u00e1cil. Dinos que te apetece y te lo haremos realidad. \u00bfTe imaginas una fondue entre tus invitados? \u00bfO una fuente de chocolate? O\u2026<\/p>\r\n<p style=\"text-align: justify;\">En<strong> La Formatgeria<\/strong>\u00a0te damos la opci\u00f3n de preparar el evento seg\u00fan el estilo que prefieras.<\/p>\r\n<p style=\"text-align: justify;\">No dudes en ponerte en contacto con nosotros, sin ning\u00fan compromiso y haremos que tu d\u00eda sea inolvidable.<\/p>\t\t\t\t\t\t\t\t<\/div>\n\t\t\t\t<\/div>\n\t\t\t\t\t<\/div>\n\t\t<\/div>\n\t\t\t\t\t<\/div>\n\t\t<\/section>\n\t\t\t\t<section class=\"elementor-section elementor-top-section elementor-element elementor-element-f3ae85b elementor-section-boxed elementor-section-height-default elementor-section-height-default\" data-id=\"f3ae85b\" data-element_type=\"section\" data-e-type=\"section\">\n\t\t\t\t\t\t<div class=\"elementor-container elementor-column-gap-default\">\n\t\t\t\t\t<div class=\"elementor-column elementor-col-100 elementor-top-column elementor-element elementor-element-ba803c5\" data-id=\"ba803c5\" data-element_type=\"column\" data-e-type=\"column\" data-settings=\"{&quot;background_background&quot;:&quot;classic&quot;}\">\n\t\t\t<div class=\"elementor-widget-wrap elementor-element-populated\">\n\t\t\t\t\t\t<div class=\"elementor-element elementor-element-9f2a9f3 elementor-icon-list--layout-inline elementor-align-center elementor-mobile-align-center elementor-list-item-link-full_width elementor-widget elementor-widget-icon-list\" data-id=\"9f2a9f3\" data-element_type=\"widget\" data-e-type=\"widget\" data-widget_type=\"icon-list.default\">\n\t\t\t\t<div class=\"elementor-widget-container\">\n\t\t\t\t\t\t\t<ul class=\"elementor-icon-list-items elementor-inline-items\">\n\t\t\t\t\t\t\t<li class=\"elementor-icon-list-item elementor-inline-item\">\n\t\t\t\t\t\t\t\t\t\t\t<a href=\"tel:+34972146279\">\n\n\t\t\t\t\t\t\t\t\t\t\t\t<span class=\"elementor-icon-list-icon\">\n\t\t\t\t\t\t\t<i aria-hidden=\"true\" class=\"fas fa-phone-alt\"><\/i>\t\t\t\t\t\t<\/span>\n\t\t\t\t\t\t\t\t\t\t<span class=\"elementor-icon-list-text\">+34 972 146 279<\/span>\n\t\t\t\t\t\t\t\t\t\t\t<\/a>\n\t\t\t\t\t\t\t\t\t<\/li>\n\t\t\t\t\t\t\t\t<li class=\"elementor-icon-list-item elementor-inline-item\">\n\t\t\t\t\t\t\t\t\t\t\t<a href=\"https:\/\/www.instagram.com\/laformatgeriadellivia\" target=\"_blank\">\n\n\t\t\t\t\t\t\t\t\t\t\t\t<span class=\"elementor-icon-list-icon\">\n\t\t\t\t\t\t\t<i aria-hidden=\"true\" class=\"fab fa-instagram\"><\/i>\t\t\t\t\t\t<\/span>\n\t\t\t\t\t\t\t\t\t\t<span class=\"elementor-icon-list-text\">Instagram<\/span>\n\t\t\t\t\t\t\t\t\t\t\t<\/a>\n\t\t\t\t\t\t\t\t\t<\/li>\n\t\t\t\t\t\t\t\t<li class=\"elementor-icon-list-item elementor-inline-item\">\n\t\t\t\t\t\t\t\t\t\t\t<a href=\"https:\/\/www.facebook.com\/FormatgeriadeLlivia\" target=\"_blank\">\n\n\t\t\t\t\t\t\t\t\t\t\t\t<span class=\"elementor-icon-list-icon\">\n\t\t\t\t\t\t\t<i aria-hidden=\"true\" class=\"fab fa-facebook-f\"><\/i>\t\t\t\t\t\t<\/span>\n\t\t\t\t\t\t\t\t\t\t<span class=\"elementor-icon-list-text\">Facebook<\/span>\n\t\t\t\t\t\t\t\t\t\t\t<\/a>\n\t\t\t\t\t\t\t\t\t<\/li>\n\t\t\t\t\t\t<\/ul>\n\t\t\t\t\t\t<\/div>\n\t\t\t\t<\/div>\n\t\t\t\t\t<\/div>\n\t\t<\/div>\n\t\t\t\t\t<\/div>\n\t\t<\/section>\n\t\t\t\t<\/div>","protected":false},"excerpt":{"rendered":"<p>Vine a celebrar amb nosaltres el teu moment, ja sigui una reuni\u00f3 familiar, bateig, comuni\u00f3, casament&#8230; Tenim tot el que necessites. Descobreix el nostre espai, amb una capacitat fins a 150 persones en un entorn \u00fanic. Si est\u00e0s buscant un Restaurant amb jard\u00ed a la Cerdanya, La Formatgeria disposa d&#8217;un ampli jard\u00ed de 2500m2 i<br \/><a class=\"moretag\" href=\"https:\/\/www.laformatgeria.com\/es\/esdeveniments\/\">+ Read More<\/a><\/p>","protected":false},"author":1,"featured_media":3191,"parent":0,"menu_order":0,"comment_status":"closed","ping_status":"closed","template":"","meta":{"footnotes":""},"class_list":["post-1406","page","type-page","status-publish","has-post-thumbnail","hentry"],"_links":{"self":[{"href":"https:\/\/www.laformatgeria.com\/es\/wp-json\/wp\/v2\/pages\/1406","targetHints":{"allow":["GET"]}}],"collection":[{"href":"https:\/\/www.laformatgeria.com\/es\/wp-json\/wp\/v2\/pages"}],"about":[{"href":"https:\/\/www.laformatgeria.com\/es\/wp-json\/wp\/v2\/types\/page"}],"author":[{"embeddable":true,"href":"https:\/\/www.laformatgeria.com\/es\/wp-json\/wp\/v2\/users\/1"}],"replies":[{"embeddable":true,"href":"https:\/\/www.laformatgeria.com\/es\/wp-json\/wp\/v2\/comments?post=1406"}],"version-history":[{"count":0,"href":"https:\/\/www.laformatgeria.com\/es\/wp-json\/wp\/v2\/pages\/1406\/revisions"}],"wp:featuredmedia":[{"embeddable":true,"href":"https:\/\/www.laformatgeria.com\/es\/wp-json\/wp\/v2\/media\/3191"}],"wp:attachment":[{"href":"https:\/\/www.laformatgeria.com\/es\/wp-json\/wp\/v2\/media?parent=1406"}],"curies":[{"name":"wp","href":"https:\/\/api.w.org\/{rel}","templated":true}]}}