{"id":5333,"date":"2024-01-17T19:42:23","date_gmt":"2024-01-17T18:42:23","guid":{"rendered":"https:\/\/www.laformatgeria.com\/?page_id=5333"},"modified":"2025-03-24T16:49:59","modified_gmt":"2025-03-24T15:49:59","slug":"regalanos","status":"publish","type":"page","link":"https:\/\/www.laformatgeria.com\/es\/regalans\/","title":{"rendered":"Reg\u00e1lanos"},"content":{"rendered":"<div data-elementor-type=\"wp-page\" data-elementor-id=\"5333\" class=\"elementor elementor-5333\" data-elementor-post-type=\"page\">\n\t\t\t\t\t\t<section class=\"elementor-section elementor-top-section elementor-element elementor-element-4b84b843 elementor-section-full_width elementor-section-height-default elementor-section-height-default\" data-id=\"4b84b843\" data-element_type=\"section\" data-e-type=\"section\">\n\t\t\t\t\t\t<div class=\"elementor-container elementor-column-gap-default\">\n\t\t\t\t\t<div class=\"elementor-column elementor-col-100 elementor-top-column elementor-element elementor-element-2a5e85a6\" data-id=\"2a5e85a6\" data-element_type=\"column\" data-e-type=\"column\">\n\t\t\t<div class=\"elementor-widget-wrap elementor-element-populated\">\n\t\t\t\t\t\t<div class=\"elementor-element elementor-element-818115c elementor-widget elementor-widget-heading\" data-id=\"818115c\" data-element_type=\"widget\" data-e-type=\"widget\" data-widget_type=\"heading.default\">\n\t\t\t\t<div class=\"elementor-widget-container\">\n\t\t\t\t\t<h2 class=\"elementor-heading-title elementor-size-default\">Un regalo \u00fanico y original\u2026<\/h2>\t\t\t\t<\/div>\n\t\t\t\t<\/div>\n\t\t\t\t<div class=\"elementor-element elementor-element-b417e82 elementor-widget elementor-widget-heading\" data-id=\"b417e82\" data-element_type=\"widget\" data-e-type=\"widget\" data-widget_type=\"heading.default\">\n\t\t\t\t<div class=\"elementor-widget-container\">\n\t\t\t\t\t<h2 class=\"elementor-heading-title elementor-size-default\">\u00a1una experiencia que no olvidar\u00e1n!<\/h2>\t\t\t\t<\/div>\n\t\t\t\t<\/div>\n\t\t\t\t<div class=\"elementor-element elementor-element-7e6e9c6 elementor-widget elementor-widget-heading\" data-id=\"7e6e9c6\" data-element_type=\"widget\" data-e-type=\"widget\" data-widget_type=\"heading.default\">\n\t\t\t\t<div class=\"elementor-widget-container\">\n\t\t\t\t\t<h2 class=\"elementor-heading-title elementor-size-default\">Cheque regalo de La Formatgeria\u2026 \u00a1ideal para parejas!<\/h2>\t\t\t\t<\/div>\n\t\t\t\t<\/div>\n\t\t\t\t<div class=\"elementor-element elementor-element-2ebd4612 elementor-widget elementor-widget-text-editor\" data-id=\"2ebd4612\" data-element_type=\"widget\" data-e-type=\"widget\" data-widget_type=\"text-editor.default\">\n\t\t\t\t<div class=\"elementor-widget-container\">\n\t\t\t\t\t\t\t\t\t<h3 style=\"text-align: center;\">Te proponemos un cheque regalo por el valor que elijas<\/h3><p class=\"translation-block\">Si su experiencia es de menor importe, en <strong>La Formatger\u00eda<\/strong> abonaremos la diferencia al momento a los comensales.<\/p><p class=\"translation-block\">El cheque tendr\u00e1 <strong>un a\u00f1o de validez desde la fecha de adquisici\u00f3n<\/strong>.<\/p>\t\t\t\t\t\t\t\t<\/div>\n\t\t\t\t<\/div>\n\t\t\t\t<div class=\"elementor-element elementor-element-2bfe363 elementor-widget elementor-widget-heading\" data-id=\"2bfe363\" data-element_type=\"widget\" data-e-type=\"widget\" data-widget_type=\"heading.default\">\n\t\t\t\t<div class=\"elementor-widget-container\">\n\t\t\t\t\t<h2 class=\"elementor-heading-title elementor-size-default\">Hazte con \u00e9l con s\u00f3lo unos clics: r\u00e1pido y sencillo<\/h2>\t\t\t\t<\/div>\n\t\t\t\t<\/div>\n\t\t\t\t<div class=\"elementor-element elementor-element-2e37d2a elementor-widget elementor-widget-text-editor\" data-id=\"2e37d2a\" data-element_type=\"widget\" data-e-type=\"widget\" data-widget_type=\"text-editor.default\">\n\t\t\t\t<div class=\"elementor-widget-container\">\n\t\t\t\t\t\t\t\t\t<p>Sigue este enlace, elige m\u00e9todo de pago y recibir\u00e1s un mail con confirmaci\u00f3n y tu cheque una vez finalizada tu compra.<\/p>\t\t\t\t\t\t\t\t<\/div>\n\t\t\t\t<\/div>\n\t\t\t\t<div class=\"elementor-element elementor-element-e5691fd elementor-widget elementor-widget-premium-addon-button\" data-id=\"e5691fd\" data-element_type=\"widget\" data-e-type=\"widget\" data-settings=\"{&quot;_animation&quot;:&quot;none&quot;}\" data-widget_type=\"premium-addon-button.default\">\n\t\t\t\t<div class=\"elementor-widget-container\">\n\t\t\t\t\t\n\n\t\t<a class=\"premium-button premium-button-style2 premium-btn-md premium-button-style2-shutinhor\" href=\"https:\/\/laformatgeria.myrestoo.net\/tienda\" target=\"_blank\">\n\t\t\t<div class=\"premium-button-text-icon-wrapper\">\n\t\t\t\t\n\t\t\t\t\t\t\t\t\t<span >\n\t\t\t\t\t\tComprar Cheque Regalo\t\t\t\t\t<\/span>\n\t\t\t\t\t\t\t<\/div>\n\n\t\t\t\n\t\t\t\n\t\t\t\n\t\t<\/a>\n\n\n\t\t\t\t\t\t<\/div>\n\t\t\t\t<\/div>\n\t\t\t\t<div class=\"elementor-element elementor-element-e4d678d elementor-widget elementor-widget-heading\" data-id=\"e4d678d\" data-element_type=\"widget\" data-e-type=\"widget\" data-widget_type=\"heading.default\">\n\t\t\t\t<div class=\"elementor-widget-container\">\n\t\t\t\t\t<h2 class=\"elementor-heading-title elementor-size-default\">Regala una experiencia gastron\u00f3mica \u00fanica en el coraz\u00f3n de la Cerdanya<\/h2>\t\t\t\t<\/div>\n\t\t\t\t<\/div>\n\t\t\t\t<div class=\"elementor-element elementor-element-427d648 elementor-widget elementor-widget-heading\" data-id=\"427d648\" data-element_type=\"widget\" data-e-type=\"widget\" data-widget_type=\"heading.default\">\n\t\t\t\t<div class=\"elementor-widget-container\">\n\t\t\t\t\t<h2 class=\"elementor-heading-title elementor-size-default\">\u00a1Regala La Formatgeria de Ll\u00edvia!<\/h2>\t\t\t\t<\/div>\n\t\t\t\t<\/div>\n\t\t\t\t\t<\/div>\n\t\t<\/div>\n\t\t\t\t\t<\/div>\n\t\t<\/section>\n\t\t\t\t<section class=\"elementor-section elementor-top-section elementor-element elementor-element-936d25a elementor-section-full_width elementor-section-height-default elementor-section-height-default\" data-id=\"936d25a\" data-element_type=\"section\" data-e-type=\"section\">\n\t\t\t\t\t\t<div class=\"elementor-container elementor-column-gap-default\">\n\t\t\t\t\t<div class=\"elementor-column elementor-col-100 elementor-top-column elementor-element elementor-element-3a0e6ee\" data-id=\"3a0e6ee\" data-element_type=\"column\" data-e-type=\"column\">\n\t\t\t<div class=\"elementor-widget-wrap elementor-element-populated\">\n\t\t\t\t\t\t<div class=\"elementor-element elementor-element-e1e8ac7 elementor-widget elementor-widget-image\" data-id=\"e1e8ac7\" data-element_type=\"widget\" data-e-type=\"widget\" data-widget_type=\"image.default\">\n\t\t\t\t<div class=\"elementor-widget-container\">\n\t\t\t\t\t\t\t\t\t\t\t\t\t\t\t<img fetchpriority=\"high\" decoding=\"async\" width=\"800\" height=\"568\" src=\"https:\/\/www.laformatgeria.com\/wp-content\/uploads\/2024\/01\/La-Formatgeria-de-Llivia-Cheque-regalo.jpg\" class=\"attachment-full size-full wp-image-5457\" alt=\"La Formatgeria de Ll\u00edvia - Cheque regalo\" srcset=\"https:\/\/www.laformatgeria.com\/wp-content\/uploads\/2024\/01\/La-Formatgeria-de-Llivia-Cheque-regalo.jpg 800w, https:\/\/www.laformatgeria.com\/wp-content\/uploads\/2024\/01\/La-Formatgeria-de-Llivia-Cheque-regalo-300x213.jpg 300w, https:\/\/www.laformatgeria.com\/wp-content\/uploads\/2024\/01\/La-Formatgeria-de-Llivia-Cheque-regalo-768x545.jpg 768w\" sizes=\"(max-width: 800px) 100vw, 800px\" \/>\t\t\t\t\t\t\t\t\t\t\t\t\t\t\t<\/div>\n\t\t\t\t<\/div>\n\t\t\t\t\t<\/div>\n\t\t<\/div>\n\t\t\t\t\t<\/div>\n\t\t<\/section>\n\t\t\t\t<section class=\"elementor-section elementor-top-section elementor-element elementor-element-7b9b2e2 elementor-section-boxed elementor-section-height-default elementor-section-height-default\" data-id=\"7b9b2e2\" data-element_type=\"section\" data-e-type=\"section\">\n\t\t\t\t\t\t<div class=\"elementor-container elementor-column-gap-default\">\n\t\t\t\t\t\t<\/div>\n\t\t<\/section>\n\t\t\t\t<section class=\"elementor-section elementor-top-section elementor-element elementor-element-9736bf7 elementor-section-boxed elementor-section-height-default elementor-section-height-default\" data-id=\"9736bf7\" data-element_type=\"section\" data-e-type=\"section\">\n\t\t\t\t\t\t<div class=\"elementor-container elementor-column-gap-default\">\n\t\t\t\t\t\t<\/div>\n\t\t<\/section>\n\t\t\t\t<\/div>","protected":false},"excerpt":{"rendered":"<p>Un regalo \u00fanico y original\u2026 \u00a1una experiencia que no olvidar\u00e1n! Cheque regalo de La Queseria\u2026 ideal para parejas! Te proponemos un cheque regalo por el valor que elijas Si su experiencia es de importe menor, en La Formatgeria abonaremos la diferencia al momento a los comensales. El cheque tendr\u00e1 un a\u00f1o de validez desde la<br \/><a class=\"moretag\" href=\"https:\/\/www.laformatgeria.com\/es\/regalans\/\">+ Read More<\/a><\/p>","protected":false},"author":1,"featured_media":5334,"parent":0,"menu_order":0,"comment_status":"closed","ping_status":"closed","template":"","meta":{"footnotes":""},"class_list":["post-5333","page","type-page","status-publish","has-post-thumbnail","hentry"],"_links":{"self":[{"href":"https:\/\/www.laformatgeria.com\/es\/wp-json\/wp\/v2\/pages\/5333","targetHints":{"allow":["GET"]}}],"collection":[{"href":"https:\/\/www.laformatgeria.com\/es\/wp-json\/wp\/v2\/pages"}],"about":[{"href":"https:\/\/www.laformatgeria.com\/es\/wp-json\/wp\/v2\/types\/page"}],"author":[{"embeddable":true,"href":"https:\/\/www.laformatgeria.com\/es\/wp-json\/wp\/v2\/users\/1"}],"replies":[{"embeddable":true,"href":"https:\/\/www.laformatgeria.com\/es\/wp-json\/wp\/v2\/comments?post=5333"}],"version-history":[{"count":0,"href":"https:\/\/www.laformatgeria.com\/es\/wp-json\/wp\/v2\/pages\/5333\/revisions"}],"wp:featuredmedia":[{"embeddable":true,"href":"https:\/\/www.laformatgeria.com\/es\/wp-json\/wp\/v2\/media\/5334"}],"wp:attachment":[{"href":"https:\/\/www.laformatgeria.com\/es\/wp-json\/wp\/v2\/media?parent=5333"}],"curies":[{"name":"wp","href":"https:\/\/api.w.org\/{rel}","templated":true}]}}