{"id":1359,"date":"2020-05-29T19:12:57","date_gmt":"2020-05-29T17:12:57","guid":{"rendered":"https:\/\/www.laformatgeria.com\/?page_id=1359"},"modified":"2025-03-21T16:25:40","modified_gmt":"2025-03-21T15:25:40","slug":"mentions-legales","status":"publish","type":"page","link":"https:\/\/www.laformatgeria.com\/fr\/avis-legal\/","title":{"rendered":"Avertissement l\u00e9gal"},"content":{"rendered":"<h4>Informations conform\u00e9ment \u00e0 l\u2019article 10 de la LSSI<\/h4>\n<h3>Le propri\u00e9taire de ce site Web est:<\/h3>\n<p>Identit\u00e9: <strong>El xalet de la formatgeria S.L.<\/strong>.<br \/>\nCIF: <strong>B17492711<\/strong><br \/>\nAdresse: <strong>Pla de Ro, s\/n. 17527 Gorguja (Llivia) | Girona.<br \/>\n<\/strong>T\u00e9l\u00e9phone: <strong>\u00a0972 146 279<br \/>\n<\/strong>Courrier \u00e9lectronique<strong>:<\/strong> <a href=\"mailto:info@laformatgeria.com\"><strong>info@laformatgeria.com<\/strong><\/a><\/p>\n<h3>Condition d\u2019utilisation<\/h3>\n<p style=\"text-align: justify;\">L\u2019utilisation de ce site Web implique l\u2019acceptation pleine et enti\u00e8re des termes et conditions de la pr\u00e9sente notice l\u00e9gale. Les \u00e9ventuels conflits li\u00e9s \u00e0 ce site seront r\u00e9gis exclusivement par la loi de l\u2019\u00c9tat espagnol. Toute personne utilisant le site Internet, quelle que soit la juridiction territoriale \u00e0 partir de laquelle son acc\u00e8s a lieu, accepte le respect et le respect de ces clauses, renon\u00e7ant express\u00e9ment \u00e0 toute autre juridiction qui pourrait leur correspondre.<\/p>\n<h3>Propri\u00e9t\u00e9 intellectuelle et industrielle<\/h3>\n<p style=\"text-align: justify;\" class=\"translation-block\">L'ensemble du contenu de ce site Web, qu'il s'agisse de textes, d'images, de sons, de marques, de logos ou d'autres \u00e9l\u00e9ments, ainsi que la sous-structure, la conception, les combinaisons de couleurs ou la forme de pr\u00e9sentation des mat\u00e9riaux, sont prot\u00e9g\u00e9s par des droits de propri\u00e9t\u00e9 industrielle et intellectuelle que l'utilisateur de ce site Web doit respecter. Sa transformation ou alt\u00e9ration, sa communication publique ou toute autre forme d'exploitation par quelque proc\u00e9d\u00e9 que ce soit n'est pas autoris\u00e9e sans l'autorisation expresse de <strong>El xalet de la formatgeria S.L<\/strong>.<\/p>\n<h3>Responsabilit\u00e9 du contenu<\/h3>\n<p style=\"text-align: justify;\">Bien que\u00a0<strong>El xalet de la formatgeria S.L.<\/strong>agisse avec la plus grande diligence possible, il se peut que certaines donn\u00e9es ou informations ne soient pas compl\u00e8tement mises \u00e0 jour au moment o\u00f9 l\u2019utilisateur du site les consulte. Pour cette raison, les informations pr\u00e9sent\u00e9es sur ce site ont une fonction de guidage et ne lient pas\u00a0<strong>El xalet de la formatgeria S.L.<\/strong>.<\/p>\n<p style=\"text-align: justify;\"><strong>El xalet de la formatgeria S.L.<\/strong>ne sera pas responsable des informations qui peuvent \u00eatre obtenues via les liens inclus sur son site Internet.<\/p>\n<p style=\"text-align: justify;\"><strong>El xalet de la formatgeria S.L.<\/strong>. se r\u00e9serve le droit d\u2019effectuer, \u00e0 tout moment et sans pr\u00e9avis, des modifications ou mises \u00e0 jour des informations et des \u00e9l\u00e9ments qui composent la conception et la configuration du site.<\/p>\n<h3>Loi applicable et juridiction<\/h3>\n<p style=\"text-align: justify;\">L\u2019utilisation de ce site Web implique l\u2019acceptation pleine et enti\u00e8re des termes et conditions de cette politique l\u00e9gale. Les conflits \u00e9ventuels li\u00e9s \u00e0 ce site Web seront r\u00e9gis exclusivement par la l\u00e9gislation espagnole, les cours et tribunaux espagnols \u00e9tant comp\u00e9tents pour entendre toutes les questions qui pourraient se poser \u00e0 son sujet. L\u2019utilisateur, en vertu de son acceptation, renonce express\u00e9ment \u00e0 toute juridiction qui, en application de la loi de proc\u00e9dure civile en vigueur, pourrait lui correspondre.<\/p>","protected":false},"excerpt":{"rendered":"<p>Informaci\u00f3 de Conformitat amb l&#8217;article 10 de la LSSI El titular d&#8217;aquesta web \u00e9s: Identitat: El xalet de la formatgeria S.L. CIF: B17492711 Adre\u00e7a: Pla de Ro, s\/n. 17527 Gorguja (Llivia) | Girona. Tel\u00e8fon: \u00a0972 146 279 Correu electr\u00f2nic: info@laformatgeria.com Condicions d&#8217;\u00fas L&#8217;\u00fas d&#8217;aquest web implica l&#8217;acceptaci\u00f3 plena dels termes i condicions del present av\u00eds<br \/><a class=\"moretag\" href=\"https:\/\/www.laformatgeria.com\/fr\/avis-legal\/\">+ Lire la suite<\/a><\/p>","protected":false},"author":1,"featured_media":3202,"parent":0,"menu_order":0,"comment_status":"closed","ping_status":"closed","template":"","meta":{"footnotes":""},"class_list":["post-1359","page","type-page","status-publish","has-post-thumbnail","hentry"],"_links":{"self":[{"href":"https:\/\/www.laformatgeria.com\/fr\/wp-json\/wp\/v2\/pages\/1359","targetHints":{"allow":["GET"]}}],"collection":[{"href":"https:\/\/www.laformatgeria.com\/fr\/wp-json\/wp\/v2\/pages"}],"about":[{"href":"https:\/\/www.laformatgeria.com\/fr\/wp-json\/wp\/v2\/types\/page"}],"author":[{"embeddable":true,"href":"https:\/\/www.laformatgeria.com\/fr\/wp-json\/wp\/v2\/users\/1"}],"replies":[{"embeddable":true,"href":"https:\/\/www.laformatgeria.com\/fr\/wp-json\/wp\/v2\/comments?post=1359"}],"version-history":[{"count":0,"href":"https:\/\/www.laformatgeria.com\/fr\/wp-json\/wp\/v2\/pages\/1359\/revisions"}],"wp:featuredmedia":[{"embeddable":true,"href":"https:\/\/www.laformatgeria.com\/fr\/wp-json\/wp\/v2\/media\/3202"}],"wp:attachment":[{"href":"https:\/\/www.laformatgeria.com\/fr\/wp-json\/wp\/v2\/media?parent=1359"}],"curies":[{"name":"wp","href":"https:\/\/api.w.org\/{rel}","templated":true}]}}