{"id":1397,"date":"2020-06-06T00:13:04","date_gmt":"2020-06-05T22:13:04","guid":{"rendered":"https:\/\/www.laformatgeria.com\/?page_id=1397"},"modified":"2025-11-24T14:09:35","modified_gmt":"2025-11-24T13:09:35","slug":"cuisine","status":"publish","type":"page","link":"https:\/\/www.laformatgeria.com\/fr\/cuina\/","title":{"rendered":"Cuisine"},"content":{"rendered":"<div data-elementor-type=\"wp-page\" data-elementor-id=\"1397\" class=\"elementor elementor-1397\" data-elementor-post-type=\"page\">\n\t\t\t\t\t\t<section class=\"elementor-section elementor-top-section elementor-element elementor-element-732568eb elementor-section-full_width elementor-section-height-default elementor-section-height-default\" data-id=\"732568eb\" data-element_type=\"section\" data-e-type=\"section\">\n\t\t\t\t\t\t<div class=\"elementor-container elementor-column-gap-no\">\n\t\t\t\t\t<div class=\"elementor-column elementor-col-100 elementor-top-column elementor-element elementor-element-284ce8ae\" data-id=\"284ce8ae\" data-element_type=\"column\" data-e-type=\"column\">\n\t\t\t<div class=\"elementor-widget-wrap elementor-element-populated\">\n\t\t\t\t\t\t<div class=\"elementor-element elementor-element-58a7c112 elementor-widget elementor-widget-text-editor\" data-id=\"58a7c112\" data-element_type=\"widget\" data-e-type=\"widget\" data-widget_type=\"text-editor.default\">\n\t\t\t\t<div class=\"elementor-widget-container\">\n\t\t\t\t\t\t\t\t\t<p style=\"text-align: justify;\">Dans notre cuisine, nous trouvons deux chefs inquiets.<\/p><p style=\"text-align: justify;\">Notre chef <strong>Jordi Valero<\/strong> avec plus de 20 ans d&#039;exp\u00e9rience \u00e0 la t\u00eate de l&#039;entreprise, apr\u00e8s avoir \u00e9tudi\u00e9 \u00e0 l&#039;\u00c9cole h\u00f4teli\u00e8re et touristique de Cambrils.<\/p><p style=\"text-align: justify;\">Gr\u00e2ce \u00e0 leurs connaissances et \u00e0 leur souci du d\u00e9tail, et en collaboration avec toute notre \u00e9quipe de cuisine, ils ont su trouver un \u00e9quilibre pour vous proposer une offre gastronomique montagnarde bas\u00e9e sur des produits de qualit\u00e9, locaux et de saison.<\/p><p>Nous sommes sp\u00e9cialistes en fondues et raclette; mais il ne faut pas oublier les viandes sur pierre.<\/p>\t\t\t\t\t\t\t\t<\/div>\n\t\t\t\t<\/div>\n\t\t\t\t<div class=\"elementor-element elementor-element-a718348 elementor-widget elementor-widget-heading\" data-id=\"a718348\" data-element_type=\"widget\" data-e-type=\"widget\" data-widget_type=\"heading.default\">\n\t\t\t\t<div class=\"elementor-widget-container\">\n\t\t\t\t\t<h3 class=\"elementor-heading-title elementor-size-default\">Nous serons ravis de vous servir \u2026 venez profiter de notre gastronomie!<\/h3>\t\t\t\t<\/div>\n\t\t\t\t<\/div>\n\t\t\t\t\t<\/div>\n\t\t<\/div>\n\t\t\t\t\t<\/div>\n\t\t<\/section>\n\t\t\t\t<section class=\"elementor-section elementor-top-section elementor-element elementor-element-89b9b0c elementor-section-full_width elementor-section-height-default elementor-section-height-default\" data-id=\"89b9b0c\" data-element_type=\"section\" data-e-type=\"section\">\n\t\t\t\t\t\t<div class=\"elementor-container elementor-column-gap-no\">\n\t\t\t\t\t<div class=\"elementor-column elementor-col-100 elementor-top-column elementor-element elementor-element-435032b\" data-id=\"435032b\" data-element_type=\"column\" data-e-type=\"column\">\n\t\t\t<div class=\"elementor-widget-wrap elementor-element-populated\">\n\t\t\t\t\t\t<div class=\"elementor-element elementor-element-50281a5 elementor-widget elementor-widget-gallery\" data-id=\"50281a5\" data-element_type=\"widget\" data-e-type=\"widget\" data-settings=\"{&quot;columns&quot;:3,&quot;columns_mobile&quot;:2,&quot;gap&quot;:{&quot;unit&quot;:&quot;px&quot;,&quot;size&quot;:4,&quot;sizes&quot;:[]},&quot;gap_tablet&quot;:{&quot;unit&quot;:&quot;px&quot;,&quot;size&quot;:3,&quot;sizes&quot;:[]},&quot;gap_mobile&quot;:{&quot;unit&quot;:&quot;px&quot;,&quot;size&quot;:4,&quot;sizes&quot;:[]},&quot;aspect_ratio&quot;:&quot;16:9&quot;,&quot;image_hover_animation&quot;:&quot;grow&quot;,&quot;lazyload&quot;:&quot;yes&quot;,&quot;gallery_layout&quot;:&quot;grid&quot;,&quot;columns_tablet&quot;:2,&quot;link_to&quot;:&quot;file&quot;,&quot;content_hover_animation&quot;:&quot;fade-in&quot;}\" data-widget_type=\"gallery.default\">\n\t\t\t\t<div class=\"elementor-widget-container\">\n\t\t\t\t\t\t\t<div class=\"elementor-gallery__container\">\n\t\t\t\t\t\t\t<a class=\"e-gallery-item elementor-gallery-item elementor-animated-content\" href=\"https:\/\/www.laformatgeria.com\/wp-content\/uploads\/2024\/02\/La-Formatgeria-de-Llivia-Cuina-01.jpg\" data-elementor-open-lightbox=\"yes\" data-elementor-lightbox-slideshow=\"50281a5\" data-elementor-lightbox-title=\"La Formatgeria de Ll\u00edvia - Cuina\" data-e-action-hash=\"#elementor-action%3Aaction%3Dlightbox%26settings%3DeyJpZCI6NTUzMiwidXJsIjoiaHR0cHM6XC9cL3d3dy5sYWZvcm1hdGdlcmlhLmNvbVwvd3AtY29udGVudFwvdXBsb2Fkc1wvMjAyNFwvMDJcL0xhLUZvcm1hdGdlcmlhLWRlLUxsaXZpYS1DdWluYS0wMS5qcGciLCJzbGlkZXNob3ciOiI1MDI4MWE1In0%3D\">\n\t\t\t\t\t<div class=\"e-gallery-image elementor-gallery-item__image\" data-thumbnail=\"https:\/\/www.laformatgeria.com\/wp-content\/uploads\/2024\/02\/La-Formatgeria-de-Llivia-Cuina-01.jpg\" data-width=\"960\" data-height=\"720\" aria-label=\"La Formatgeria de Ll\u00edvia \u2013 Cuisine\" role=\"img\" ><\/div>\n\t\t\t\t\t\t\t\t\t\t\t\t\t\t<\/a>\n\t\t\t\t\t\t\t<a class=\"e-gallery-item elementor-gallery-item elementor-animated-content\" href=\"https:\/\/www.laformatgeria.com\/wp-content\/uploads\/2024\/02\/La-Formatgeria-de-Llivia-Cuina-08.jpg\" data-elementor-open-lightbox=\"yes\" data-elementor-lightbox-slideshow=\"50281a5\" data-elementor-lightbox-title=\"La Formatgeria de Ll\u00edvia - Cuina\" data-e-action-hash=\"#elementor-action%3Aaction%3Dlightbox%26settings%3DeyJpZCI6NTUzOSwidXJsIjoiaHR0cHM6XC9cL3d3dy5sYWZvcm1hdGdlcmlhLmNvbVwvd3AtY29udGVudFwvdXBsb2Fkc1wvMjAyNFwvMDJcL0xhLUZvcm1hdGdlcmlhLWRlLUxsaXZpYS1DdWluYS0wOC5qcGciLCJzbGlkZXNob3ciOiI1MDI4MWE1In0%3D\">\n\t\t\t\t\t<div class=\"e-gallery-image elementor-gallery-item__image\" data-thumbnail=\"https:\/\/www.laformatgeria.com\/wp-content\/uploads\/2024\/02\/La-Formatgeria-de-Llivia-Cuina-08.jpg\" data-width=\"960\" data-height=\"720\" aria-label=\"La Formatgeria de Ll\u00edvia \u2013 Cuisine\" role=\"img\" ><\/div>\n\t\t\t\t\t\t\t\t\t\t\t\t\t\t<\/a>\n\t\t\t\t\t\t\t<a class=\"e-gallery-item elementor-gallery-item elementor-animated-content\" href=\"https:\/\/www.laformatgeria.com\/wp-content\/uploads\/2024\/02\/La-Formatgeria-de-Llivia-Cuina-11.jpg\" data-elementor-open-lightbox=\"yes\" data-elementor-lightbox-slideshow=\"50281a5\" data-elementor-lightbox-title=\"La Formatgeria de Ll\u00edvia - Cuina\" data-e-action-hash=\"#elementor-action%3Aaction%3Dlightbox%26settings%3DeyJpZCI6NTU0MiwidXJsIjoiaHR0cHM6XC9cL3d3dy5sYWZvcm1hdGdlcmlhLmNvbVwvd3AtY29udGVudFwvdXBsb2Fkc1wvMjAyNFwvMDJcL0xhLUZvcm1hdGdlcmlhLWRlLUxsaXZpYS1DdWluYS0xMS5qcGciLCJzbGlkZXNob3ciOiI1MDI4MWE1In0%3D\">\n\t\t\t\t\t<div class=\"e-gallery-image elementor-gallery-item__image\" data-thumbnail=\"https:\/\/www.laformatgeria.com\/wp-content\/uploads\/2024\/02\/La-Formatgeria-de-Llivia-Cuina-11.jpg\" data-width=\"960\" data-height=\"720\" aria-label=\"La Formatgeria de Ll\u00edvia \u2013 Cuisine\" role=\"img\" ><\/div>\n\t\t\t\t\t\t\t\t\t\t\t\t\t\t<\/a>\n\t\t\t\t\t\t\t<a class=\"e-gallery-item elementor-gallery-item elementor-animated-content\" href=\"https:\/\/www.laformatgeria.com\/wp-content\/uploads\/2024\/02\/La-Formatgeria-de-Llivia-Cuina-05.jpg\" data-elementor-open-lightbox=\"yes\" data-elementor-lightbox-slideshow=\"50281a5\" data-elementor-lightbox-title=\"La Formatgeria de Ll\u00edvia - Cuina\" data-e-action-hash=\"#elementor-action%3Aaction%3Dlightbox%26settings%3DeyJpZCI6NTUzNiwidXJsIjoiaHR0cHM6XC9cL3d3dy5sYWZvcm1hdGdlcmlhLmNvbVwvd3AtY29udGVudFwvdXBsb2Fkc1wvMjAyNFwvMDJcL0xhLUZvcm1hdGdlcmlhLWRlLUxsaXZpYS1DdWluYS0wNS5qcGciLCJzbGlkZXNob3ciOiI1MDI4MWE1In0%3D\">\n\t\t\t\t\t<div class=\"e-gallery-image elementor-gallery-item__image\" data-thumbnail=\"https:\/\/www.laformatgeria.com\/wp-content\/uploads\/2024\/02\/La-Formatgeria-de-Llivia-Cuina-05.jpg\" data-width=\"960\" data-height=\"720\" aria-label=\"La Formatgeria de Ll\u00edvia \u2013 Cuisine\" role=\"img\" ><\/div>\n\t\t\t\t\t\t\t\t\t\t\t\t\t\t<\/a>\n\t\t\t\t\t\t\t<a class=\"e-gallery-item elementor-gallery-item elementor-animated-content\" href=\"https:\/\/www.laformatgeria.com\/wp-content\/uploads\/2024\/02\/La-Formatgeria-de-Llivia-Cuina-15.jpg\" data-elementor-open-lightbox=\"yes\" data-elementor-lightbox-slideshow=\"50281a5\" data-elementor-lightbox-title=\"La Formatgeria de Ll\u00edvia - Cuina\" data-e-action-hash=\"#elementor-action%3Aaction%3Dlightbox%26settings%3DeyJpZCI6NTU0NiwidXJsIjoiaHR0cHM6XC9cL3d3dy5sYWZvcm1hdGdlcmlhLmNvbVwvd3AtY29udGVudFwvdXBsb2Fkc1wvMjAyNFwvMDJcL0xhLUZvcm1hdGdlcmlhLWRlLUxsaXZpYS1DdWluYS0xNS5qcGciLCJzbGlkZXNob3ciOiI1MDI4MWE1In0%3D\">\n\t\t\t\t\t<div class=\"e-gallery-image elementor-gallery-item__image\" data-thumbnail=\"https:\/\/www.laformatgeria.com\/wp-content\/uploads\/2024\/02\/La-Formatgeria-de-Llivia-Cuina-15.jpg\" data-width=\"960\" data-height=\"720\" aria-label=\"La Formatgeria de Ll\u00edvia \u2013 Cuisine\" role=\"img\" ><\/div>\n\t\t\t\t\t\t\t\t\t\t\t\t\t\t<\/a>\n\t\t\t\t\t\t\t<a class=\"e-gallery-item elementor-gallery-item elementor-animated-content\" href=\"https:\/\/www.laformatgeria.com\/wp-content\/uploads\/2024\/02\/La-Formatgeria-de-Llivia-Cuina-13.jpg\" data-elementor-open-lightbox=\"yes\" data-elementor-lightbox-slideshow=\"50281a5\" data-elementor-lightbox-title=\"La Formatgeria de Ll\u00edvia - Cuina\" data-e-action-hash=\"#elementor-action%3Aaction%3Dlightbox%26settings%3DeyJpZCI6NTU0NCwidXJsIjoiaHR0cHM6XC9cL3d3dy5sYWZvcm1hdGdlcmlhLmNvbVwvd3AtY29udGVudFwvdXBsb2Fkc1wvMjAyNFwvMDJcL0xhLUZvcm1hdGdlcmlhLWRlLUxsaXZpYS1DdWluYS0xMy5qcGciLCJzbGlkZXNob3ciOiI1MDI4MWE1In0%3D\">\n\t\t\t\t\t<div class=\"e-gallery-image elementor-gallery-item__image\" data-thumbnail=\"https:\/\/www.laformatgeria.com\/wp-content\/uploads\/2024\/02\/La-Formatgeria-de-Llivia-Cuina-13.jpg\" data-width=\"960\" data-height=\"720\" aria-label=\"La Formatgeria de Ll\u00edvia \u2013 Cuisine\" role=\"img\" ><\/div>\n\t\t\t\t\t\t\t\t\t\t\t\t\t\t<\/a>\n\t\t\t\t\t\t\t<a class=\"e-gallery-item elementor-gallery-item elementor-animated-content\" href=\"https:\/\/www.laformatgeria.com\/wp-content\/uploads\/2024\/02\/La-Formatgeria-de-Llivia-Cuina-09.jpg\" data-elementor-open-lightbox=\"yes\" data-elementor-lightbox-slideshow=\"50281a5\" data-elementor-lightbox-title=\"La Formatgeria de Ll\u00edvia - Cuina\" data-e-action-hash=\"#elementor-action%3Aaction%3Dlightbox%26settings%3DeyJpZCI6NTU0MCwidXJsIjoiaHR0cHM6XC9cL3d3dy5sYWZvcm1hdGdlcmlhLmNvbVwvd3AtY29udGVudFwvdXBsb2Fkc1wvMjAyNFwvMDJcL0xhLUZvcm1hdGdlcmlhLWRlLUxsaXZpYS1DdWluYS0wOS5qcGciLCJzbGlkZXNob3ciOiI1MDI4MWE1In0%3D\">\n\t\t\t\t\t<div class=\"e-gallery-image elementor-gallery-item__image\" data-thumbnail=\"https:\/\/www.laformatgeria.com\/wp-content\/uploads\/2024\/02\/La-Formatgeria-de-Llivia-Cuina-09.jpg\" data-width=\"960\" data-height=\"720\" aria-label=\"La Formatgeria de Ll\u00edvia \u2013 Cuisine\" role=\"img\" ><\/div>\n\t\t\t\t\t\t\t\t\t\t\t\t\t\t<\/a>\n\t\t\t\t\t\t\t<a class=\"e-gallery-item elementor-gallery-item elementor-animated-content\" href=\"https:\/\/www.laformatgeria.com\/wp-content\/uploads\/2024\/02\/La-Formatgeria-de-Llivia-Cuina-03.jpg\" data-elementor-open-lightbox=\"yes\" data-elementor-lightbox-slideshow=\"50281a5\" data-elementor-lightbox-title=\"La Formatgeria de Ll\u00edvia - Cuina\" data-e-action-hash=\"#elementor-action%3Aaction%3Dlightbox%26settings%3DeyJpZCI6NTUzNCwidXJsIjoiaHR0cHM6XC9cL3d3dy5sYWZvcm1hdGdlcmlhLmNvbVwvd3AtY29udGVudFwvdXBsb2Fkc1wvMjAyNFwvMDJcL0xhLUZvcm1hdGdlcmlhLWRlLUxsaXZpYS1DdWluYS0wMy5qcGciLCJzbGlkZXNob3ciOiI1MDI4MWE1In0%3D\">\n\t\t\t\t\t<div class=\"e-gallery-image elementor-gallery-item__image\" data-thumbnail=\"https:\/\/www.laformatgeria.com\/wp-content\/uploads\/2024\/02\/La-Formatgeria-de-Llivia-Cuina-03.jpg\" data-width=\"960\" data-height=\"720\" aria-label=\"La Formatgeria de Ll\u00edvia \u2013 Cuisine\" role=\"img\" ><\/div>\n\t\t\t\t\t\t\t\t\t\t\t\t\t\t<\/a>\n\t\t\t\t\t\t\t<a class=\"e-gallery-item elementor-gallery-item elementor-animated-content\" href=\"https:\/\/www.laformatgeria.com\/wp-content\/uploads\/2024\/02\/La-Formatgeria-de-Llivia-Cuina-04.jpg\" data-elementor-open-lightbox=\"yes\" data-elementor-lightbox-slideshow=\"50281a5\" data-elementor-lightbox-title=\"La Formatgeria de Ll\u00edvia - Cuina\" data-e-action-hash=\"#elementor-action%3Aaction%3Dlightbox%26settings%3DeyJpZCI6NTUzNSwidXJsIjoiaHR0cHM6XC9cL3d3dy5sYWZvcm1hdGdlcmlhLmNvbVwvd3AtY29udGVudFwvdXBsb2Fkc1wvMjAyNFwvMDJcL0xhLUZvcm1hdGdlcmlhLWRlLUxsaXZpYS1DdWluYS0wNC5qcGciLCJzbGlkZXNob3ciOiI1MDI4MWE1In0%3D\">\n\t\t\t\t\t<div class=\"e-gallery-image elementor-gallery-item__image\" data-thumbnail=\"https:\/\/www.laformatgeria.com\/wp-content\/uploads\/2024\/02\/La-Formatgeria-de-Llivia-Cuina-04.jpg\" data-width=\"960\" data-height=\"720\" aria-label=\"La Formatgeria de Ll\u00edvia \u2013 Cuisine\" role=\"img\" ><\/div>\n\t\t\t\t\t\t\t\t\t\t\t\t\t\t<\/a>\n\t\t\t\t\t\t\t<a class=\"e-gallery-item elementor-gallery-item elementor-animated-content\" href=\"https:\/\/www.laformatgeria.com\/wp-content\/uploads\/2024\/02\/La-Formatgeria-de-Llivia-Cuina-10.jpg\" data-elementor-open-lightbox=\"yes\" data-elementor-lightbox-slideshow=\"50281a5\" data-elementor-lightbox-title=\"La Formatgeria de Ll\u00edvia - Cuina\" data-e-action-hash=\"#elementor-action%3Aaction%3Dlightbox%26settings%3DeyJpZCI6NTU0MSwidXJsIjoiaHR0cHM6XC9cL3d3dy5sYWZvcm1hdGdlcmlhLmNvbVwvd3AtY29udGVudFwvdXBsb2Fkc1wvMjAyNFwvMDJcL0xhLUZvcm1hdGdlcmlhLWRlLUxsaXZpYS1DdWluYS0xMC5qcGciLCJzbGlkZXNob3ciOiI1MDI4MWE1In0%3D\">\n\t\t\t\t\t<div class=\"e-gallery-image elementor-gallery-item__image\" data-thumbnail=\"https:\/\/www.laformatgeria.com\/wp-content\/uploads\/2024\/02\/La-Formatgeria-de-Llivia-Cuina-10.jpg\" data-width=\"960\" data-height=\"720\" aria-label=\"La Formatgeria de Ll\u00edvia \u2013 Cuisine\" role=\"img\" ><\/div>\n\t\t\t\t\t\t\t\t\t\t\t\t\t\t<\/a>\n\t\t\t\t\t\t\t<a class=\"e-gallery-item elementor-gallery-item elementor-animated-content\" href=\"https:\/\/www.laformatgeria.com\/wp-content\/uploads\/2024\/02\/La-Formatgeria-de-Llivia-Cuina-12.jpg\" data-elementor-open-lightbox=\"yes\" data-elementor-lightbox-slideshow=\"50281a5\" data-elementor-lightbox-title=\"La Formatgeria de Ll\u00edvia - Cuina\" data-e-action-hash=\"#elementor-action%3Aaction%3Dlightbox%26settings%3DeyJpZCI6NTU0MywidXJsIjoiaHR0cHM6XC9cL3d3dy5sYWZvcm1hdGdlcmlhLmNvbVwvd3AtY29udGVudFwvdXBsb2Fkc1wvMjAyNFwvMDJcL0xhLUZvcm1hdGdlcmlhLWRlLUxsaXZpYS1DdWluYS0xMi5qcGciLCJzbGlkZXNob3ciOiI1MDI4MWE1In0%3D\">\n\t\t\t\t\t<div class=\"e-gallery-image elementor-gallery-item__image\" data-thumbnail=\"https:\/\/www.laformatgeria.com\/wp-content\/uploads\/2024\/02\/La-Formatgeria-de-Llivia-Cuina-12.jpg\" data-width=\"960\" data-height=\"720\" aria-label=\"La Formatgeria de Ll\u00edvia \u2013 Cuisine\" role=\"img\" ><\/div>\n\t\t\t\t\t\t\t\t\t\t\t\t\t\t<\/a>\n\t\t\t\t\t\t\t<a class=\"e-gallery-item elementor-gallery-item elementor-animated-content\" href=\"https:\/\/www.laformatgeria.com\/wp-content\/uploads\/2024\/02\/La-Formatgeria-de-Llivia-Cuina-07.jpg\" data-elementor-open-lightbox=\"yes\" data-elementor-lightbox-slideshow=\"50281a5\" data-elementor-lightbox-title=\"La Formatgeria de Ll\u00edvia - Cuina\" data-e-action-hash=\"#elementor-action%3Aaction%3Dlightbox%26settings%3DeyJpZCI6NTUzOCwidXJsIjoiaHR0cHM6XC9cL3d3dy5sYWZvcm1hdGdlcmlhLmNvbVwvd3AtY29udGVudFwvdXBsb2Fkc1wvMjAyNFwvMDJcL0xhLUZvcm1hdGdlcmlhLWRlLUxsaXZpYS1DdWluYS0wNy5qcGciLCJzbGlkZXNob3ciOiI1MDI4MWE1In0%3D\">\n\t\t\t\t\t<div class=\"e-gallery-image elementor-gallery-item__image\" data-thumbnail=\"https:\/\/www.laformatgeria.com\/wp-content\/uploads\/2024\/02\/La-Formatgeria-de-Llivia-Cuina-07.jpg\" data-width=\"960\" data-height=\"720\" aria-label=\"La Formatgeria de Ll\u00edvia \u2013 Cuisine\" role=\"img\" ><\/div>\n\t\t\t\t\t\t\t\t\t\t\t\t\t\t<\/a>\n\t\t\t\t\t\t\t<a class=\"e-gallery-item elementor-gallery-item elementor-animated-content\" href=\"https:\/\/www.laformatgeria.com\/wp-content\/uploads\/2024\/02\/La-Formatgeria-de-Llivia-Cuina-06.jpg\" data-elementor-open-lightbox=\"yes\" data-elementor-lightbox-slideshow=\"50281a5\" data-elementor-lightbox-title=\"La Formatgeria de Ll\u00edvia - Cuina\" data-e-action-hash=\"#elementor-action%3Aaction%3Dlightbox%26settings%3DeyJpZCI6NTUzNywidXJsIjoiaHR0cHM6XC9cL3d3dy5sYWZvcm1hdGdlcmlhLmNvbVwvd3AtY29udGVudFwvdXBsb2Fkc1wvMjAyNFwvMDJcL0xhLUZvcm1hdGdlcmlhLWRlLUxsaXZpYS1DdWluYS0wNi5qcGciLCJzbGlkZXNob3ciOiI1MDI4MWE1In0%3D\">\n\t\t\t\t\t<div class=\"e-gallery-image elementor-gallery-item__image\" data-thumbnail=\"https:\/\/www.laformatgeria.com\/wp-content\/uploads\/2024\/02\/La-Formatgeria-de-Llivia-Cuina-06.jpg\" data-width=\"960\" data-height=\"720\" aria-label=\"La Formatgeria de Ll\u00edvia \u2013 Cuisine\" role=\"img\" ><\/div>\n\t\t\t\t\t\t\t\t\t\t\t\t\t\t<\/a>\n\t\t\t\t\t\t\t<a class=\"e-gallery-item elementor-gallery-item elementor-animated-content\" href=\"https:\/\/www.laformatgeria.com\/wp-content\/uploads\/2024\/02\/La-Formatgeria-de-Llivia-Cuina-02.jpg\" data-elementor-open-lightbox=\"yes\" data-elementor-lightbox-slideshow=\"50281a5\" data-elementor-lightbox-title=\"La Formatgeria de Ll\u00edvia - Cuina\" data-e-action-hash=\"#elementor-action%3Aaction%3Dlightbox%26settings%3DeyJpZCI6NTUzMywidXJsIjoiaHR0cHM6XC9cL3d3dy5sYWZvcm1hdGdlcmlhLmNvbVwvd3AtY29udGVudFwvdXBsb2Fkc1wvMjAyNFwvMDJcL0xhLUZvcm1hdGdlcmlhLWRlLUxsaXZpYS1DdWluYS0wMi5qcGciLCJzbGlkZXNob3ciOiI1MDI4MWE1In0%3D\">\n\t\t\t\t\t<div class=\"e-gallery-image elementor-gallery-item__image\" data-thumbnail=\"https:\/\/www.laformatgeria.com\/wp-content\/uploads\/2024\/02\/La-Formatgeria-de-Llivia-Cuina-02.jpg\" data-width=\"960\" data-height=\"720\" aria-label=\"La Formatgeria de Ll\u00edvia \u2013 Cuisine\" role=\"img\" ><\/div>\n\t\t\t\t\t\t\t\t\t\t\t\t\t\t<\/a>\n\t\t\t\t\t\t\t<a class=\"e-gallery-item elementor-gallery-item elementor-animated-content\" href=\"https:\/\/www.laformatgeria.com\/wp-content\/uploads\/2024\/02\/La-Formatgeria-de-Llivia-Cuina-14.jpg\" data-elementor-open-lightbox=\"yes\" data-elementor-lightbox-slideshow=\"50281a5\" data-elementor-lightbox-title=\"La Formatgeria de Ll\u00edvia - Cuina\" data-e-action-hash=\"#elementor-action%3Aaction%3Dlightbox%26settings%3DeyJpZCI6NTU0NSwidXJsIjoiaHR0cHM6XC9cL3d3dy5sYWZvcm1hdGdlcmlhLmNvbVwvd3AtY29udGVudFwvdXBsb2Fkc1wvMjAyNFwvMDJcL0xhLUZvcm1hdGdlcmlhLWRlLUxsaXZpYS1DdWluYS0xNC5qcGciLCJzbGlkZXNob3ciOiI1MDI4MWE1In0%3D\">\n\t\t\t\t\t<div class=\"e-gallery-image elementor-gallery-item__image\" data-thumbnail=\"https:\/\/www.laformatgeria.com\/wp-content\/uploads\/2024\/02\/La-Formatgeria-de-Llivia-Cuina-14.jpg\" data-width=\"960\" data-height=\"720\" aria-label=\"La Formatgeria de Ll\u00edvia \u2013 Cuisine\" role=\"img\" ><\/div>\n\t\t\t\t\t\t\t\t\t\t\t\t\t\t<\/a>\n\t\t\t\t\t<\/div>\n\t\t\t\t\t<\/div>\n\t\t\t\t<\/div>\n\t\t\t\t\t<\/div>\n\t\t<\/div>\n\t\t\t\t\t<\/div>\n\t\t<\/section>\n\t\t\t\t<\/div>","protected":false},"excerpt":{"rendered":"<p>Dans notre cuisine, nous avons deux chefs passionn\u00e9s. Notre chef cuisinier, Jordi Valero, est aux commandes depuis plus de 20 ans ; il a suivi une formation \u00e0 l'\u00c9cole d'h\u00f4tellerie et de tourisme de Cambrils. Gr\u00e2ce \u00e0 son savoir-faire et \u00e0 son dynamisme, ainsi qu'\u00e0 l'ensemble de notre \u00e9quipe de cuisine, ils ont r\u00e9ussi \u00e0 trouver un \u00e9quilibre afin de\u2026<br \/><a class=\"moretag\" href=\"https:\/\/www.laformatgeria.com\/fr\/cuina\/\">+ Lire la suite<\/a><\/p>","protected":false},"author":1,"featured_media":3187,"parent":0,"menu_order":0,"comment_status":"closed","ping_status":"closed","template":"","meta":{"footnotes":""},"class_list":["post-1397","page","type-page","status-publish","has-post-thumbnail","hentry"],"_links":{"self":[{"href":"https:\/\/www.laformatgeria.com\/fr\/wp-json\/wp\/v2\/pages\/1397","targetHints":{"allow":["GET"]}}],"collection":[{"href":"https:\/\/www.laformatgeria.com\/fr\/wp-json\/wp\/v2\/pages"}],"about":[{"href":"https:\/\/www.laformatgeria.com\/fr\/wp-json\/wp\/v2\/types\/page"}],"author":[{"embeddable":true,"href":"https:\/\/www.laformatgeria.com\/fr\/wp-json\/wp\/v2\/users\/1"}],"replies":[{"embeddable":true,"href":"https:\/\/www.laformatgeria.com\/fr\/wp-json\/wp\/v2\/comments?post=1397"}],"version-history":[{"count":3,"href":"https:\/\/www.laformatgeria.com\/fr\/wp-json\/wp\/v2\/pages\/1397\/revisions"}],"predecessor-version":[{"id":5848,"href":"https:\/\/www.laformatgeria.com\/fr\/wp-json\/wp\/v2\/pages\/1397\/revisions\/5848"}],"wp:featuredmedia":[{"embeddable":true,"href":"https:\/\/www.laformatgeria.com\/fr\/wp-json\/wp\/v2\/media\/3187"}],"wp:attachment":[{"href":"https:\/\/www.laformatgeria.com\/fr\/wp-json\/wp\/v2\/media?parent=1397"}],"curies":[{"name":"wp","href":"https:\/\/api.w.org\/{rel}","templated":true}]}}