{"id":1399,"date":"2020-06-06T00:13:38","date_gmt":"2020-06-05T22:13:38","guid":{"rendered":"https:\/\/www.laformatgeria.com\/?page_id=1399"},"modified":"2025-03-21T16:32:27","modified_gmt":"2025-03-21T15:32:27","slug":"cave","status":"publish","type":"page","link":"https:\/\/www.laformatgeria.com\/fr\/celler\/","title":{"rendered":"Cave"},"content":{"rendered":"<div data-elementor-type=\"wp-page\" data-elementor-id=\"1399\" class=\"elementor elementor-1399\" data-elementor-post-type=\"page\">\n\t\t\t\t\t\t<section class=\"elementor-section elementor-top-section elementor-element elementor-element-4bfab1ef elementor-section-full_width elementor-section-height-default elementor-section-height-default\" data-id=\"4bfab1ef\" data-element_type=\"section\" data-e-type=\"section\">\n\t\t\t\t\t\t<div class=\"elementor-container elementor-column-gap-no\">\n\t\t\t\t\t<div class=\"elementor-column elementor-col-100 elementor-top-column elementor-element elementor-element-44dd2f4f\" data-id=\"44dd2f4f\" data-element_type=\"column\" data-e-type=\"column\">\n\t\t\t<div class=\"elementor-widget-wrap elementor-element-populated\">\n\t\t\t\t\t\t<div class=\"elementor-element elementor-element-39877492 elementor-widget elementor-widget-text-editor\" data-id=\"39877492\" data-element_type=\"widget\" data-e-type=\"widget\" data-widget_type=\"text-editor.default\">\n\t\t\t\t<div class=\"elementor-widget-container\">\n\t\t\t\t\t\t\t\t\t<p style=\"text-align: justify;\" class=\"translation-block\">L'un de nos espaces pr\u00e9f\u00e9r\u00e9s. <strong>El Celler de<\/strong> <strong>la Formatgeria de Ll\u00edvia<\/strong>, o\u00f9 nous stockons <strong>plus de 150 r\u00e9f\u00e9rences nationales et internationales<\/strong> \u00e0 temp\u00e9rature ambiante et \u00e0 temp\u00e9rature optimale. Nous recherchons et d\u00e9gustons pour vous, afin que vous trouviez ce que vous pr\u00e9f\u00e9rez.<\/p><p style=\"text-align: justify;\">Une carte des vins o\u00f9 vous trouverez une bonne vari\u00e9t\u00e9 d\u2019 <strong>Appellations d\u2019Origine<\/strong>, nous sommes bas\u00e9s sur des vins catalans, mais aussi nationaux et certains internationaux.<\/p><p style=\"text-align: justify;\">Nous avons environ <strong>25 r\u00e9f\u00e9rences au format magnum<\/strong> \u00e0 partager avec les v\u00f4tres, mais nous avons \u00e9galement un assortiment de r\u00e9f\u00e9rences en petit format.<\/p><p style=\"text-align: justify;\">Chaque mois nous changeons les vins que nous servons au verre, venez les d\u00e9guster.<\/p><p style=\"text-align: justify;\">D\u2019excellents vins pour savourer chacun de nos plats. Avec quoi pr\u00e9f\u00e9rez-vous pour accompagner vos plats, blancs, roses, noirs ou bulles?<\/p>\t\t\t\t\t\t\t\t<\/div>\n\t\t\t\t<\/div>\n\t\t\t\t\t<\/div>\n\t\t<\/div>\n\t\t\t\t\t<\/div>\n\t\t<\/section>\n\t\t\t\t<section class=\"elementor-section elementor-top-section elementor-element elementor-element-3c385e5 elementor-section-full_width elementor-section-height-default elementor-section-height-default\" data-id=\"3c385e5\" data-element_type=\"section\" data-e-type=\"section\">\n\t\t\t\t\t\t<div class=\"elementor-container elementor-column-gap-no\">\n\t\t\t\t\t<div class=\"elementor-column elementor-col-100 elementor-top-column elementor-element elementor-element-b73d430\" data-id=\"b73d430\" data-element_type=\"column\" data-e-type=\"column\">\n\t\t\t<div class=\"elementor-widget-wrap elementor-element-populated\">\n\t\t\t\t\t\t<div class=\"elementor-element elementor-element-ed14181 elementor-widget elementor-widget-gallery\" data-id=\"ed14181\" data-element_type=\"widget\" data-e-type=\"widget\" data-settings=\"{&quot;columns&quot;:3,&quot;columns_mobile&quot;:2,&quot;gap&quot;:{&quot;unit&quot;:&quot;px&quot;,&quot;size&quot;:4,&quot;sizes&quot;:[]},&quot;gap_tablet&quot;:{&quot;unit&quot;:&quot;px&quot;,&quot;size&quot;:3,&quot;sizes&quot;:[]},&quot;gap_mobile&quot;:{&quot;unit&quot;:&quot;px&quot;,&quot;size&quot;:4,&quot;sizes&quot;:[]},&quot;aspect_ratio&quot;:&quot;16:9&quot;,&quot;image_hover_animation&quot;:&quot;grow&quot;,&quot;lazyload&quot;:&quot;yes&quot;,&quot;gallery_layout&quot;:&quot;grid&quot;,&quot;columns_tablet&quot;:2,&quot;link_to&quot;:&quot;file&quot;,&quot;content_hover_animation&quot;:&quot;fade-in&quot;}\" data-widget_type=\"gallery.default\">\n\t\t\t\t<div class=\"elementor-widget-container\">\n\t\t\t\t\t\t\t<div class=\"elementor-gallery__container\">\n\t\t\t\t\t\t\t<a class=\"e-gallery-item elementor-gallery-item elementor-animated-content\" href=\"https:\/\/www.laformatgeria.com\/wp-content\/uploads\/2021\/06\/La-Formatgeria-de-Llivia-Celler-8.jpg\" data-elementor-open-lightbox=\"yes\" data-elementor-lightbox-slideshow=\"ed14181\" data-elementor-lightbox-title=\"La Formatgeria de Ll\u00edvia | Celler\" data-e-action-hash=\"#elementor-action%3Aaction%3Dlightbox%26settings%3DeyJpZCI6NDMwMywidXJsIjoiaHR0cHM6XC9cL3d3dy5sYWZvcm1hdGdlcmlhLmNvbVwvd3AtY29udGVudFwvdXBsb2Fkc1wvMjAyMVwvMDZcL0xhLUZvcm1hdGdlcmlhLWRlLUxsaXZpYS1DZWxsZXItOC5qcGciLCJzbGlkZXNob3ciOiJlZDE0MTgxIn0%3D\">\n\t\t\t\t\t<div class=\"e-gallery-image elementor-gallery-item__image\" data-thumbnail=\"https:\/\/www.laformatgeria.com\/wp-content\/uploads\/2021\/06\/La-Formatgeria-de-Llivia-Celler-8.jpg\" data-width=\"960\" data-height=\"720\" aria-label=\"La Formatgeria de Ll\u00edvia | Cave\" role=\"img\" ><\/div>\n\t\t\t\t\t\t\t\t\t\t\t\t\t\t<\/a>\n\t\t\t\t\t\t\t<a class=\"e-gallery-item elementor-gallery-item elementor-animated-content\" href=\"https:\/\/www.laformatgeria.com\/wp-content\/uploads\/2021\/06\/La-Formatgeria-de-Llivia-Celler-4.jpg\" data-elementor-open-lightbox=\"yes\" data-elementor-lightbox-slideshow=\"ed14181\" data-elementor-lightbox-title=\"La Formatgeria de Ll\u00edvia | Celler\" data-e-action-hash=\"#elementor-action%3Aaction%3Dlightbox%26settings%3DeyJpZCI6NDI5OSwidXJsIjoiaHR0cHM6XC9cL3d3dy5sYWZvcm1hdGdlcmlhLmNvbVwvd3AtY29udGVudFwvdXBsb2Fkc1wvMjAyMVwvMDZcL0xhLUZvcm1hdGdlcmlhLWRlLUxsaXZpYS1DZWxsZXItNC5qcGciLCJzbGlkZXNob3ciOiJlZDE0MTgxIn0%3D\">\n\t\t\t\t\t<div class=\"e-gallery-image elementor-gallery-item__image\" data-thumbnail=\"https:\/\/www.laformatgeria.com\/wp-content\/uploads\/2021\/06\/La-Formatgeria-de-Llivia-Celler-4.jpg\" data-width=\"960\" data-height=\"720\" aria-label=\"La Formatgeria de Ll\u00edvia | Cave\" role=\"img\" ><\/div>\n\t\t\t\t\t\t\t\t\t\t\t\t\t\t<\/a>\n\t\t\t\t\t\t\t<a class=\"e-gallery-item elementor-gallery-item elementor-animated-content\" href=\"https:\/\/www.laformatgeria.com\/wp-content\/uploads\/2021\/06\/La-Formatgeria-de-Llivia-Celler-9.jpg\" data-elementor-open-lightbox=\"yes\" data-elementor-lightbox-slideshow=\"ed14181\" data-elementor-lightbox-title=\"La Formatgeria de Ll\u00edvia | Celler\" data-e-action-hash=\"#elementor-action%3Aaction%3Dlightbox%26settings%3DeyJpZCI6NDMwNCwidXJsIjoiaHR0cHM6XC9cL3d3dy5sYWZvcm1hdGdlcmlhLmNvbVwvd3AtY29udGVudFwvdXBsb2Fkc1wvMjAyMVwvMDZcL0xhLUZvcm1hdGdlcmlhLWRlLUxsaXZpYS1DZWxsZXItOS5qcGciLCJzbGlkZXNob3ciOiJlZDE0MTgxIn0%3D\">\n\t\t\t\t\t<div class=\"e-gallery-image elementor-gallery-item__image\" data-thumbnail=\"https:\/\/www.laformatgeria.com\/wp-content\/uploads\/2021\/06\/La-Formatgeria-de-Llivia-Celler-9.jpg\" data-width=\"960\" data-height=\"720\" aria-label=\"La Formatgeria de Ll\u00edvia | Cave\" role=\"img\" ><\/div>\n\t\t\t\t\t\t\t\t\t\t\t\t\t\t<\/a>\n\t\t\t\t\t\t\t<a class=\"e-gallery-item elementor-gallery-item elementor-animated-content\" href=\"https:\/\/www.laformatgeria.com\/wp-content\/uploads\/2021\/06\/La-Formatgeria-de-Llivia-Celler-5.jpg\" data-elementor-open-lightbox=\"yes\" data-elementor-lightbox-slideshow=\"ed14181\" data-elementor-lightbox-title=\"La Formatgeria de Ll\u00edvia | Celler\" data-e-action-hash=\"#elementor-action%3Aaction%3Dlightbox%26settings%3DeyJpZCI6NDMwMCwidXJsIjoiaHR0cHM6XC9cL3d3dy5sYWZvcm1hdGdlcmlhLmNvbVwvd3AtY29udGVudFwvdXBsb2Fkc1wvMjAyMVwvMDZcL0xhLUZvcm1hdGdlcmlhLWRlLUxsaXZpYS1DZWxsZXItNS5qcGciLCJzbGlkZXNob3ciOiJlZDE0MTgxIn0%3D\">\n\t\t\t\t\t<div class=\"e-gallery-image elementor-gallery-item__image\" data-thumbnail=\"https:\/\/www.laformatgeria.com\/wp-content\/uploads\/2021\/06\/La-Formatgeria-de-Llivia-Celler-5.jpg\" data-width=\"960\" data-height=\"720\" aria-label=\"La Formatgeria de Ll\u00edvia | Cave\" role=\"img\" ><\/div>\n\t\t\t\t\t\t\t\t\t\t\t\t\t\t<\/a>\n\t\t\t\t\t\t\t<a class=\"e-gallery-item elementor-gallery-item elementor-animated-content\" href=\"https:\/\/www.laformatgeria.com\/wp-content\/uploads\/2021\/06\/La-Formatgeria-de-Llivia-Celler-7.jpg\" data-elementor-open-lightbox=\"yes\" data-elementor-lightbox-slideshow=\"ed14181\" data-elementor-lightbox-title=\"La Formatgeria de Ll\u00edvia | Celler\" data-e-action-hash=\"#elementor-action%3Aaction%3Dlightbox%26settings%3DeyJpZCI6NDMwMiwidXJsIjoiaHR0cHM6XC9cL3d3dy5sYWZvcm1hdGdlcmlhLmNvbVwvd3AtY29udGVudFwvdXBsb2Fkc1wvMjAyMVwvMDZcL0xhLUZvcm1hdGdlcmlhLWRlLUxsaXZpYS1DZWxsZXItNy5qcGciLCJzbGlkZXNob3ciOiJlZDE0MTgxIn0%3D\">\n\t\t\t\t\t<div class=\"e-gallery-image elementor-gallery-item__image\" data-thumbnail=\"https:\/\/www.laformatgeria.com\/wp-content\/uploads\/2021\/06\/La-Formatgeria-de-Llivia-Celler-7.jpg\" data-width=\"960\" data-height=\"720\" aria-label=\"La Formatgeria de Ll\u00edvia | Cave\" role=\"img\" ><\/div>\n\t\t\t\t\t\t\t\t\t\t\t\t\t\t<\/a>\n\t\t\t\t\t\t\t<a class=\"e-gallery-item elementor-gallery-item elementor-animated-content\" href=\"https:\/\/www.laformatgeria.com\/wp-content\/uploads\/2021\/06\/La-Formatgeria-de-Llivia-Celler-12.jpg\" data-elementor-open-lightbox=\"yes\" data-elementor-lightbox-slideshow=\"ed14181\" data-elementor-lightbox-title=\"La Formatgeria de Ll\u00edvia | Celler\" data-e-action-hash=\"#elementor-action%3Aaction%3Dlightbox%26settings%3DeyJpZCI6NDMwNywidXJsIjoiaHR0cHM6XC9cL3d3dy5sYWZvcm1hdGdlcmlhLmNvbVwvd3AtY29udGVudFwvdXBsb2Fkc1wvMjAyMVwvMDZcL0xhLUZvcm1hdGdlcmlhLWRlLUxsaXZpYS1DZWxsZXItMTIuanBnIiwic2xpZGVzaG93IjoiZWQxNDE4MSJ9\">\n\t\t\t\t\t<div class=\"e-gallery-image elementor-gallery-item__image\" data-thumbnail=\"https:\/\/www.laformatgeria.com\/wp-content\/uploads\/2021\/06\/La-Formatgeria-de-Llivia-Celler-12.jpg\" data-width=\"960\" data-height=\"720\" aria-label=\"La Formatgeria de Ll\u00edvia | Cave\" role=\"img\" ><\/div>\n\t\t\t\t\t\t\t\t\t\t\t\t\t\t<\/a>\n\t\t\t\t\t\t\t<a class=\"e-gallery-item elementor-gallery-item elementor-animated-content\" href=\"https:\/\/www.laformatgeria.com\/wp-content\/uploads\/2021\/06\/La-Formatgeria-de-Llivia-Celler-6.jpg\" data-elementor-open-lightbox=\"yes\" data-elementor-lightbox-slideshow=\"ed14181\" data-elementor-lightbox-title=\"La Formatgeria de Ll\u00edvia | Celler\" data-e-action-hash=\"#elementor-action%3Aaction%3Dlightbox%26settings%3DeyJpZCI6NDMwMSwidXJsIjoiaHR0cHM6XC9cL3d3dy5sYWZvcm1hdGdlcmlhLmNvbVwvd3AtY29udGVudFwvdXBsb2Fkc1wvMjAyMVwvMDZcL0xhLUZvcm1hdGdlcmlhLWRlLUxsaXZpYS1DZWxsZXItNi5qcGciLCJzbGlkZXNob3ciOiJlZDE0MTgxIn0%3D\">\n\t\t\t\t\t<div class=\"e-gallery-image elementor-gallery-item__image\" data-thumbnail=\"https:\/\/www.laformatgeria.com\/wp-content\/uploads\/2021\/06\/La-Formatgeria-de-Llivia-Celler-6.jpg\" data-width=\"960\" data-height=\"720\" aria-label=\"La Formatgeria de Ll\u00edvia | Cave\" role=\"img\" ><\/div>\n\t\t\t\t\t\t\t\t\t\t\t\t\t\t<\/a>\n\t\t\t\t\t\t\t<a class=\"e-gallery-item elementor-gallery-item elementor-animated-content\" href=\"https:\/\/www.laformatgeria.com\/wp-content\/uploads\/2021\/06\/La-Formatgeria-de-Llivia-Celler-11.jpg\" data-elementor-open-lightbox=\"yes\" data-elementor-lightbox-slideshow=\"ed14181\" data-elementor-lightbox-title=\"La Formatgeria de Ll\u00edvia | Celler\" data-e-action-hash=\"#elementor-action%3Aaction%3Dlightbox%26settings%3DeyJpZCI6NDMwNiwidXJsIjoiaHR0cHM6XC9cL3d3dy5sYWZvcm1hdGdlcmlhLmNvbVwvd3AtY29udGVudFwvdXBsb2Fkc1wvMjAyMVwvMDZcL0xhLUZvcm1hdGdlcmlhLWRlLUxsaXZpYS1DZWxsZXItMTEuanBnIiwic2xpZGVzaG93IjoiZWQxNDE4MSJ9\">\n\t\t\t\t\t<div class=\"e-gallery-image elementor-gallery-item__image\" data-thumbnail=\"https:\/\/www.laformatgeria.com\/wp-content\/uploads\/2021\/06\/La-Formatgeria-de-Llivia-Celler-11.jpg\" data-width=\"960\" data-height=\"720\" aria-label=\"La Formatgeria de Ll\u00edvia | Cave\" role=\"img\" ><\/div>\n\t\t\t\t\t\t\t\t\t\t\t\t\t\t<\/a>\n\t\t\t\t\t\t\t<a class=\"e-gallery-item elementor-gallery-item elementor-animated-content\" href=\"https:\/\/www.laformatgeria.com\/wp-content\/uploads\/2021\/06\/La-Formatgeria-de-Llivia-Celler-3.jpg\" data-elementor-open-lightbox=\"yes\" data-elementor-lightbox-slideshow=\"ed14181\" data-elementor-lightbox-title=\"La Formatgeria de Ll\u00edvia | Celler\" data-e-action-hash=\"#elementor-action%3Aaction%3Dlightbox%26settings%3DeyJpZCI6NDI5OCwidXJsIjoiaHR0cHM6XC9cL3d3dy5sYWZvcm1hdGdlcmlhLmNvbVwvd3AtY29udGVudFwvdXBsb2Fkc1wvMjAyMVwvMDZcL0xhLUZvcm1hdGdlcmlhLWRlLUxsaXZpYS1DZWxsZXItMy5qcGciLCJzbGlkZXNob3ciOiJlZDE0MTgxIn0%3D\">\n\t\t\t\t\t<div class=\"e-gallery-image elementor-gallery-item__image\" data-thumbnail=\"https:\/\/www.laformatgeria.com\/wp-content\/uploads\/2021\/06\/La-Formatgeria-de-Llivia-Celler-3.jpg\" data-width=\"960\" data-height=\"720\" aria-label=\"La Formatgeria de Ll\u00edvia | Cave\" role=\"img\" ><\/div>\n\t\t\t\t\t\t\t\t\t\t\t\t\t\t<\/a>\n\t\t\t\t\t\t\t<a class=\"e-gallery-item elementor-gallery-item elementor-animated-content\" href=\"https:\/\/www.laformatgeria.com\/wp-content\/uploads\/2021\/06\/La-Formatgeria-de-Llivia-Celler-10.jpg\" data-elementor-open-lightbox=\"yes\" data-elementor-lightbox-slideshow=\"ed14181\" data-elementor-lightbox-title=\"La Formatgeria de Ll\u00edvia | Celler\" data-e-action-hash=\"#elementor-action%3Aaction%3Dlightbox%26settings%3DeyJpZCI6NDMwNSwidXJsIjoiaHR0cHM6XC9cL3d3dy5sYWZvcm1hdGdlcmlhLmNvbVwvd3AtY29udGVudFwvdXBsb2Fkc1wvMjAyMVwvMDZcL0xhLUZvcm1hdGdlcmlhLWRlLUxsaXZpYS1DZWxsZXItMTAuanBnIiwic2xpZGVzaG93IjoiZWQxNDE4MSJ9\">\n\t\t\t\t\t<div class=\"e-gallery-image elementor-gallery-item__image\" data-thumbnail=\"https:\/\/www.laformatgeria.com\/wp-content\/uploads\/2021\/06\/La-Formatgeria-de-Llivia-Celler-10.jpg\" data-width=\"960\" data-height=\"720\" aria-label=\"La Formatgeria de Ll\u00edvia | Cave\" role=\"img\" ><\/div>\n\t\t\t\t\t\t\t\t\t\t\t\t\t\t<\/a>\n\t\t\t\t\t\t\t<a class=\"e-gallery-item elementor-gallery-item elementor-animated-content\" href=\"https:\/\/www.laformatgeria.com\/wp-content\/uploads\/2021\/06\/La-Formatgeria-de-Llivia-Celler-1.jpg\" data-elementor-open-lightbox=\"yes\" data-elementor-lightbox-slideshow=\"ed14181\" data-elementor-lightbox-title=\"La Formatgeria de Ll\u00edvia | Celler\" data-e-action-hash=\"#elementor-action%3Aaction%3Dlightbox%26settings%3DeyJpZCI6NDI5NiwidXJsIjoiaHR0cHM6XC9cL3d3dy5sYWZvcm1hdGdlcmlhLmNvbVwvd3AtY29udGVudFwvdXBsb2Fkc1wvMjAyMVwvMDZcL0xhLUZvcm1hdGdlcmlhLWRlLUxsaXZpYS1DZWxsZXItMS5qcGciLCJzbGlkZXNob3ciOiJlZDE0MTgxIn0%3D\">\n\t\t\t\t\t<div class=\"e-gallery-image elementor-gallery-item__image\" data-thumbnail=\"https:\/\/www.laformatgeria.com\/wp-content\/uploads\/2021\/06\/La-Formatgeria-de-Llivia-Celler-1.jpg\" data-width=\"960\" data-height=\"720\" aria-label=\"La Formatgeria de Ll\u00edvia | Cave\" role=\"img\" ><\/div>\n\t\t\t\t\t\t\t\t\t\t\t\t\t\t<\/a>\n\t\t\t\t\t\t\t<a class=\"e-gallery-item elementor-gallery-item elementor-animated-content\" href=\"https:\/\/www.laformatgeria.com\/wp-content\/uploads\/2021\/06\/La-Formatgeria-de-Llivia-Celler-2.jpg\" data-elementor-open-lightbox=\"yes\" data-elementor-lightbox-slideshow=\"ed14181\" data-elementor-lightbox-title=\"La Formatgeria de Ll\u00edvia | Celler\" data-e-action-hash=\"#elementor-action%3Aaction%3Dlightbox%26settings%3DeyJpZCI6NDI5NywidXJsIjoiaHR0cHM6XC9cL3d3dy5sYWZvcm1hdGdlcmlhLmNvbVwvd3AtY29udGVudFwvdXBsb2Fkc1wvMjAyMVwvMDZcL0xhLUZvcm1hdGdlcmlhLWRlLUxsaXZpYS1DZWxsZXItMi5qcGciLCJzbGlkZXNob3ciOiJlZDE0MTgxIn0%3D\">\n\t\t\t\t\t<div class=\"e-gallery-image elementor-gallery-item__image\" data-thumbnail=\"https:\/\/www.laformatgeria.com\/wp-content\/uploads\/2021\/06\/La-Formatgeria-de-Llivia-Celler-2.jpg\" data-width=\"960\" data-height=\"720\" aria-label=\"La Formatgeria de Ll\u00edvia | Cave\" role=\"img\" ><\/div>\n\t\t\t\t\t\t\t\t\t\t\t\t\t\t<\/a>\n\t\t\t\t\t<\/div>\n\t\t\t\t\t<\/div>\n\t\t\t\t<\/div>\n\t\t\t\t\t<\/div>\n\t\t<\/div>\n\t\t\t\t\t<\/div>\n\t\t<\/section>\n\t\t\t\t<\/div>","protected":false},"excerpt":{"rendered":"<p>Un dels nostres espais preferits. El Celler de la Formatgeria de Ll\u00edvia, on a temperatura ambient i \u00f2ptima guardem m\u00e9s de 150 refer\u00e8ncies nacionals i internacionals. Busquem i tastem per tu, perqu\u00e8 trobis el que m\u00e9s t\u2019agradi. Una carta de vins on trobar\u00e0s un bon assortiment de Denominacions d\u2019Origen, ens bassem en vins catalans, per\u00f2<br \/><a class=\"moretag\" href=\"https:\/\/www.laformatgeria.com\/fr\/celler\/\">+ Lire la suite<\/a><\/p>","protected":false},"author":1,"featured_media":3179,"parent":0,"menu_order":0,"comment_status":"closed","ping_status":"closed","template":"","meta":{"footnotes":""},"class_list":["post-1399","page","type-page","status-publish","has-post-thumbnail","hentry"],"_links":{"self":[{"href":"https:\/\/www.laformatgeria.com\/fr\/wp-json\/wp\/v2\/pages\/1399","targetHints":{"allow":["GET"]}}],"collection":[{"href":"https:\/\/www.laformatgeria.com\/fr\/wp-json\/wp\/v2\/pages"}],"about":[{"href":"https:\/\/www.laformatgeria.com\/fr\/wp-json\/wp\/v2\/types\/page"}],"author":[{"embeddable":true,"href":"https:\/\/www.laformatgeria.com\/fr\/wp-json\/wp\/v2\/users\/1"}],"replies":[{"embeddable":true,"href":"https:\/\/www.laformatgeria.com\/fr\/wp-json\/wp\/v2\/comments?post=1399"}],"version-history":[{"count":0,"href":"https:\/\/www.laformatgeria.com\/fr\/wp-json\/wp\/v2\/pages\/1399\/revisions"}],"wp:featuredmedia":[{"embeddable":true,"href":"https:\/\/www.laformatgeria.com\/fr\/wp-json\/wp\/v2\/media\/3179"}],"wp:attachment":[{"href":"https:\/\/www.laformatgeria.com\/fr\/wp-json\/wp\/v2\/media?parent=1399"}],"curies":[{"name":"wp","href":"https:\/\/api.w.org\/{rel}","templated":true}]}}